{"id":28265,"date":"2023-01-18T13:32:57","date_gmt":"2023-01-18T12:32:57","guid":{"rendered":"https:\/\/www.vilaweb.cat\/botiga\/?post_type=product&#038;p=28265"},"modified":"2025-12-20T12:13:08","modified_gmt":"2025-12-20T11:13:08","slug":"bodi-soc-un-dimoni-2","status":"publish","type":"product","link":"https:\/\/www.vilaweb.cat\/botiga\/producte\/bodi-soc-un-dimoni-2\/","title":{"rendered":"Bodi &#8220;S\u00f3c un dimoni&#8221;"},"content":{"rendered":"","protected":false},"excerpt":{"rendered":"<p>Bodi de nad\u00f3 de m\u00e0niga curta<\/p>\n<p>100% cot\u00f3<\/p>\n","protected":false},"featured_media":28268,"template":"","meta":[],"product_cat":[290,284],"product_tag":[],"_links":{"self":[{"href":"https:\/\/www.vilaweb.cat\/botiga\/wp-json\/wp\/v2\/product\/28265"}],"collection":[{"href":"https:\/\/www.vilaweb.cat\/botiga\/wp-json\/wp\/v2\/product"}],"about":[{"href":"https:\/\/www.vilaweb.cat\/botiga\/wp-json\/wp\/v2\/types\/product"}],"wp:featuredmedia":[{"embeddable":true,"href":"https:\/\/www.vilaweb.cat\/botiga\/wp-json\/wp\/v2\/media\/28268"}],"wp:attachment":[{"href":"https:\/\/www.vilaweb.cat\/botiga\/wp-json\/wp\/v2\/media?parent=28265"}],"wp:term":[{"taxonomy":"product_cat","embeddable":true,"href":"https:\/\/www.vilaweb.cat\/botiga\/wp-json\/wp\/v2\/product_cat?post=28265"},{"taxonomy":"product_tag","embeddable":true,"href":"https:\/\/www.vilaweb.cat\/botiga\/wp-json\/wp\/v2\/product_tag?post=28265"}],"curies":[{"name":"wp","href":"https:\/\/api.w.org\/{rel}","templated":true}]}}