{"id":28256,"date":"2023-01-18T13:02:42","date_gmt":"2023-01-18T12:02:42","guid":{"rendered":"https:\/\/www.vilaweb.cat\/botiga\/?post_type=product&#038;p=28256"},"modified":"2026-03-27T16:44:04","modified_gmt":"2026-03-27T15:44:04","slug":"bodi-soc-producte-de-la-terra-2","status":"publish","type":"product","link":"https:\/\/www.vilaweb.cat\/botiga\/producte\/bodi-soc-producte-de-la-terra-2\/","title":{"rendered":"Bodi &#8220;S\u00f3c producte de la terra&#8221;"},"content":{"rendered":"","protected":false},"excerpt":{"rendered":"<p>Bodi de nad\u00f3 de m\u00e0niga curta<\/p>\n<p>100% cot\u00f3<\/p>\n","protected":false},"featured_media":28260,"template":"","meta":[],"product_cat":[290,284],"product_tag":[],"_links":{"self":[{"href":"https:\/\/www.vilaweb.cat\/botiga\/wp-json\/wp\/v2\/product\/28256"}],"collection":[{"href":"https:\/\/www.vilaweb.cat\/botiga\/wp-json\/wp\/v2\/product"}],"about":[{"href":"https:\/\/www.vilaweb.cat\/botiga\/wp-json\/wp\/v2\/types\/product"}],"wp:featuredmedia":[{"embeddable":true,"href":"https:\/\/www.vilaweb.cat\/botiga\/wp-json\/wp\/v2\/media\/28260"}],"wp:attachment":[{"href":"https:\/\/www.vilaweb.cat\/botiga\/wp-json\/wp\/v2\/media?parent=28256"}],"wp:term":[{"taxonomy":"product_cat","embeddable":true,"href":"https:\/\/www.vilaweb.cat\/botiga\/wp-json\/wp\/v2\/product_cat?post=28256"},{"taxonomy":"product_tag","embeddable":true,"href":"https:\/\/www.vilaweb.cat\/botiga\/wp-json\/wp\/v2\/product_tag?post=28256"}],"curies":[{"name":"wp","href":"https:\/\/api.w.org\/{rel}","templated":true}]}}