{"id":28183,"date":"2023-01-13T17:12:21","date_gmt":"2023-01-13T16:12:21","guid":{"rendered":"https:\/\/www.vilaweb.cat\/botiga\/?post_type=product&#038;p=28183"},"modified":"2025-10-21T23:18:06","modified_gmt":"2025-10-21T21:18:06","slug":"domas-feminista","status":"publish","type":"product","link":"https:\/\/www.vilaweb.cat\/botiga\/producte\/domas-feminista\/","title":{"rendered":"Dom\u00e0s feminista"},"content":{"rendered":"","protected":false},"excerpt":{"rendered":"<p>Amb aquest dom\u00e0s dones veu i fas mem\u00f2ria de totes aquelles dones que ens han precedit i fas visible que la lluita continua per les generacions que han de venir.<\/p>\n<p>Mida: 100 x 70 cm<\/p>\n","protected":false},"featured_media":28941,"template":"","meta":[],"product_cat":[292],"product_tag":[],"_links":{"self":[{"href":"https:\/\/www.vilaweb.cat\/botiga\/wp-json\/wp\/v2\/product\/28183"}],"collection":[{"href":"https:\/\/www.vilaweb.cat\/botiga\/wp-json\/wp\/v2\/product"}],"about":[{"href":"https:\/\/www.vilaweb.cat\/botiga\/wp-json\/wp\/v2\/types\/product"}],"wp:featuredmedia":[{"embeddable":true,"href":"https:\/\/www.vilaweb.cat\/botiga\/wp-json\/wp\/v2\/media\/28941"}],"wp:attachment":[{"href":"https:\/\/www.vilaweb.cat\/botiga\/wp-json\/wp\/v2\/media?parent=28183"}],"wp:term":[{"taxonomy":"product_cat","embeddable":true,"href":"https:\/\/www.vilaweb.cat\/botiga\/wp-json\/wp\/v2\/product_cat?post=28183"},{"taxonomy":"product_tag","embeddable":true,"href":"https:\/\/www.vilaweb.cat\/botiga\/wp-json\/wp\/v2\/product_tag?post=28183"}],"curies":[{"name":"wp","href":"https:\/\/api.w.org\/{rel}","templated":true}]}}