{"id":28165,"date":"2023-01-12T16:51:36","date_gmt":"2023-01-12T15:51:36","guid":{"rendered":"https:\/\/www.vilaweb.cat\/botiga\/?post_type=product&#038;p=28165"},"modified":"2026-01-16T19:22:02","modified_gmt":"2026-01-16T18:22:02","slug":"aportacions-catalanes-universals","status":"publish","type":"product","link":"https:\/\/www.vilaweb.cat\/botiga\/producte\/aportacions-catalanes-universals\/","title":{"rendered":"Aportacions catalanes universals"},"content":{"rendered":"<p>El prop\u00f2sit b\u00e0sic d&#8217;aquesta obra \u00e9s fer coneixedors els ciutadans de Catalunya, i d&#8217;arreu del m\u00f3n, de les aportacions al progr\u00e9s general de la humanitat dutes a terme pel poble de Catalunya en el decurs de la hist\u00f2ria en tots els camps d&#8217;activitat que n&#8217;han ultrapassat les fronteres. Les aportacions s\u00f3n molt variades i s&#8217;incardinen en els diversos camps de l&#8217;activitat humana (arts pl\u00e0stiques, literatura, arquitectura, enginyeria, recerca, legislaci\u00f3, urbanisme, teatre, circ, esport, descobriments geogr\u00e0fics, cuina, societat, educaci\u00f3, religi\u00f3&#8230;). D&#8217;una manera especial sobresurten les aportacions en els \u00e0mbits de la medicina, la t\u00e8cnica i la recerca, les arts pl\u00e0stiques, la literatura, la m\u00fasica, l&#8217;arquitectura i la religi\u00f3. Una magn\u00edfica carta de presentaci\u00f3 de Catalunya que inclou un breu resum de la hist\u00f2ria del nostre pa\u00eds, les 223 aportacions explicades i il\u00b7lustrades i comentaris finals a c\u00e0rrec de personatges catalans actuals de tots els \u00e0mbits.<\/p>\n","protected":false},"excerpt":{"rendered":"<p><strong>La consci\u00e8ncia nacional i la creativitat del poble catal\u00e0 s\u00f3n els eixos en els quals es basa el llibre.<\/strong>Noms com Jaume Bofill, \u00c0ngel Guimer\u00e0, Pau Casals i Ramon Llull, entre d&#8217;altres, van servir d&#8217;exemple per explicar amb una refer\u00e8ncia a Enric Prat de la Riba la transcend\u00e8ncia de la cultura catalana.<br \/>\nAny d\u2019edici\u00f3: 2019<br \/>\nIdioma: catal\u00e0<br \/>\nN\u00fam. de p\u00e0gines: 742<br \/>\nISBN: 9788499755540<br \/>\nEnquadernaci\u00f3: carton\u00e9<\/p>\n","protected":false},"featured_media":28166,"template":"","meta":[],"product_cat":[427,45,18],"product_tag":[],"_links":{"self":[{"href":"https:\/\/www.vilaweb.cat\/botiga\/wp-json\/wp\/v2\/product\/28165"}],"collection":[{"href":"https:\/\/www.vilaweb.cat\/botiga\/wp-json\/wp\/v2\/product"}],"about":[{"href":"https:\/\/www.vilaweb.cat\/botiga\/wp-json\/wp\/v2\/types\/product"}],"wp:featuredmedia":[{"embeddable":true,"href":"https:\/\/www.vilaweb.cat\/botiga\/wp-json\/wp\/v2\/media\/28166"}],"wp:attachment":[{"href":"https:\/\/www.vilaweb.cat\/botiga\/wp-json\/wp\/v2\/media?parent=28165"}],"wp:term":[{"taxonomy":"product_cat","embeddable":true,"href":"https:\/\/www.vilaweb.cat\/botiga\/wp-json\/wp\/v2\/product_cat?post=28165"},{"taxonomy":"product_tag","embeddable":true,"href":"https:\/\/www.vilaweb.cat\/botiga\/wp-json\/wp\/v2\/product_tag?post=28165"}],"curies":[{"name":"wp","href":"https:\/\/api.w.org\/{rel}","templated":true}]}}