{"id":28146,"date":"2023-01-12T09:35:14","date_gmt":"2023-01-12T08:35:14","guid":{"rendered":"https:\/\/www.vilaweb.cat\/botiga\/?post_type=product&#038;p=28146"},"modified":"2026-02-01T21:40:49","modified_gmt":"2026-02-01T20:40:49","slug":"de-la-nacio-a-lestat-el-conflicte-espanya-catalunya","status":"publish","type":"product","link":"https:\/\/www.vilaweb.cat\/botiga\/producte\/de-la-nacio-a-lestat-el-conflicte-espanya-catalunya\/","title":{"rendered":"De la naci\u00f3 a l&#8217;estat. El conflicte Espanya \/ Catalunya"},"content":{"rendered":"<p>El lector \u2014empro el gen\u00e8ric\u2014 t\u00e9 a les mans un bon llibre. El lector t\u00e9 a les mans un llibre subtil. El lector t\u00e9 a les mans una aproximaci\u00f3 rigorosa a un tema etern, etern des dels darreres tres segles. El lector t\u00e9 a les mans un llibre que el satisfar\u00e0 i que respondr\u00e0 moltes de les preguntes que l&#8217;assalten com a curi\u00f3s de l&#8217;actualitat pol\u00edtica quotidiana respecte del marc institucional espanyol i catal\u00e0.<\/p>\n<p>Al lector nom\u00e9s li cal observar l&#8217;arquitectura id\u00e8ntica de cada cap\u00edtol, arquitectura que va de la m\u00e0 d&#8217;unes exposicions pr\u00edstines i fluides que permeten accedir als pensaments aliens que transcriu i als seus propis sense entrebancs. Virtut no sempre freq\u00fcent ni fora ni dins del m\u00f3n intel\u00b7lectual, per\u00f2 que personalment \u2014i crec que els lectors en general tamb\u00e9\u2014 agraeixo molt.<\/p>\n<p>L&#8217;encert de Sebasti\u00e0 Frau \u00e9s que el llibre ens entra pels ulls amb un \u00edndex breu, clar i sistem\u00e0tic, i una bibliografia selecta que no esgota el tema ni pret\u00e9n esgotar-lo. Tot plegat tradueix la seva visi\u00f3 altament atendible. (Del pr\u00f2leg de Joan J. Queralt)<\/p>\n","protected":false},"excerpt":{"rendered":"<p>\u201cLa democr\u00e0cia pot ser un r\u00e8gim tir\u00e0nic i opressor. Frase d&#8217;Isaiah Berlin que em faig meva. La democr\u00e0cia \u00e9s un cam\u00ed, no un punt d&#8217;arribada. La democr\u00e0cia \u00e9s el perfeccionament constant de les llibertats i participaci\u00f3. Poden ser tir\u00e0nics? S\u00ed. Sense anar m\u00e9s lluny, Espanya. Formalment, compleix els est\u00e0ndards (eleccions, partits, llibertats de premsa, participaci\u00f3, manifestaci\u00f3) per\u00f2 de manera formal. Perqu\u00e8, com s&#8217;ha vist en el cas catal\u00e0, com s&#8217;ha comportat l&#8217;estat espanyol? Com una democr\u00e0cia o com un estat autoritari? Com un r\u00e8gim autoritari. Exili i pres\u00f3.\u201d<br \/>\nSebasti\u00e0 Frau<\/p>\n<p>Any d\u2019edici\u00f3: 2022<br \/>\nIdioma: catal\u00e0<br \/>\nN\u00fam. de p\u00e0gines: 208<br \/>\nISBN: 9788418758652<br \/>\nEnquadernaci\u00f3: carton\u00e9<\/p>\n","protected":false},"featured_media":28147,"template":"","meta":[],"product_cat":[18,42,45],"product_tag":[],"_links":{"self":[{"href":"https:\/\/www.vilaweb.cat\/botiga\/wp-json\/wp\/v2\/product\/28146"}],"collection":[{"href":"https:\/\/www.vilaweb.cat\/botiga\/wp-json\/wp\/v2\/product"}],"about":[{"href":"https:\/\/www.vilaweb.cat\/botiga\/wp-json\/wp\/v2\/types\/product"}],"wp:featuredmedia":[{"embeddable":true,"href":"https:\/\/www.vilaweb.cat\/botiga\/wp-json\/wp\/v2\/media\/28147"}],"wp:attachment":[{"href":"https:\/\/www.vilaweb.cat\/botiga\/wp-json\/wp\/v2\/media?parent=28146"}],"wp:term":[{"taxonomy":"product_cat","embeddable":true,"href":"https:\/\/www.vilaweb.cat\/botiga\/wp-json\/wp\/v2\/product_cat?post=28146"},{"taxonomy":"product_tag","embeddable":true,"href":"https:\/\/www.vilaweb.cat\/botiga\/wp-json\/wp\/v2\/product_tag?post=28146"}],"curies":[{"name":"wp","href":"https:\/\/api.w.org\/{rel}","templated":true}]}}