{"id":28141,"date":"2023-01-11T16:20:46","date_gmt":"2023-01-11T15:20:46","guid":{"rendered":"https:\/\/www.vilaweb.cat\/botiga\/?post_type=product&#038;p=28141"},"modified":"2026-02-08T12:04:13","modified_gmt":"2026-02-08T11:04:13","slug":"domas-donec-perficiam","status":"publish","type":"product","link":"https:\/\/www.vilaweb.cat\/botiga\/producte\/domas-donec-perficiam\/","title":{"rendered":"Dom\u00e0s Donec Perficiam"},"content":{"rendered":"","protected":false},"excerpt":{"rendered":"<p>Dom\u00e0s amb el lema llat\u00ed <em>Donec perficiam<\/em> que, en llat\u00ed, vol dir &#8216;<strong>fins a aconseguir-ho&#8217;<\/strong>. Era utilitzat durant la guerra de Successi\u00f3 per les Reials Gu\u00e0rdies Catalanes, amb el sentit que mai no es rendirien sin\u00f3 que persistirien fins a guanyar.<\/p>\n<p>Mida: 100 x 70 cm<\/p>\n","protected":false},"featured_media":28142,"template":"","meta":[],"product_cat":[292],"product_tag":[],"_links":{"self":[{"href":"https:\/\/www.vilaweb.cat\/botiga\/wp-json\/wp\/v2\/product\/28141"}],"collection":[{"href":"https:\/\/www.vilaweb.cat\/botiga\/wp-json\/wp\/v2\/product"}],"about":[{"href":"https:\/\/www.vilaweb.cat\/botiga\/wp-json\/wp\/v2\/types\/product"}],"wp:featuredmedia":[{"embeddable":true,"href":"https:\/\/www.vilaweb.cat\/botiga\/wp-json\/wp\/v2\/media\/28142"}],"wp:attachment":[{"href":"https:\/\/www.vilaweb.cat\/botiga\/wp-json\/wp\/v2\/media?parent=28141"}],"wp:term":[{"taxonomy":"product_cat","embeddable":true,"href":"https:\/\/www.vilaweb.cat\/botiga\/wp-json\/wp\/v2\/product_cat?post=28141"},{"taxonomy":"product_tag","embeddable":true,"href":"https:\/\/www.vilaweb.cat\/botiga\/wp-json\/wp\/v2\/product_tag?post=28141"}],"curies":[{"name":"wp","href":"https:\/\/api.w.org\/{rel}","templated":true}]}}