{"id":28118,"date":"2023-01-10T11:02:22","date_gmt":"2023-01-10T10:02:22","guid":{"rendered":"https:\/\/www.vilaweb.cat\/botiga\/?post_type=product&#038;p=28118"},"modified":"2026-01-16T19:22:08","modified_gmt":"2026-01-16T18:22:08","slug":"mitologia-dels-paisos-catalans","status":"publish","type":"product","link":"https:\/\/www.vilaweb.cat\/botiga\/producte\/mitologia-dels-paisos-catalans\/","title":{"rendered":"Mitologia dels Pa\u00efsos Catalans"},"content":{"rendered":"<p>Durant segles, i en la cultura escrita, d&#8217;all\u00f2 que en diem \u00abmitologia\u00bb nom\u00e9s existia la cl\u00e0ssica, la dels grecs. A partir de la Renaixen\u00e7a, folkloristes conscients de la v\u00e0lua de la cultura oral aplegaren llegendes i rondalles. Com la siberiana, la dels amerindis, africans o australians, la mitologia catalana \u00e9s b\u00e0sicament de transmissi\u00f3 oral, per una banda, m\u00e9s desdibuixada per l&#8217;oblit, per\u00f2, per l&#8217;altra, m\u00e9s fidel als or\u00edgens. Els nostres mites han sobreviscut camuflats dins de rondalles (Joan de l&#8217;\u00d3s), llegendes (dones d&#8217;aigua), costums (el Bocarrot) o creences (la Pesanta) i no pas en relats qualificats de mitol\u00f2gics. Aquest llibre aplega m\u00e9s de trenta personatges de la mitologia catalana i en vol esbrinar els or\u00edgens remots, els significats profunds i la vinculaci\u00f3 amb altres mitologies d&#8217;arreu del m\u00f3n.<\/p>\n","protected":false},"excerpt":{"rendered":"<p>El rondallaire Daniel Rangil recopila hist\u00f2ries del folklore fant\u00e0stic dels territoris de parla catalana en un extens llibre amb il\u00b7lustracions de Laia Baldevey.<\/p>\n<p>Any d\u2019edici\u00f3: novembre del 2022<br \/>\nIdioma: catal\u00e0<br \/>\nN\u00fam. de p\u00e0gines: 240<br \/>\nISBN: 9788419239518<br \/>\nEnquadernaci\u00f3: carton\u00e9<\/p>\n<p><em><strong>Aquest producte pot tardar entre 8 i 10 dies.\u00a0<\/strong><\/em><\/p>\n","protected":false},"featured_media":28119,"template":"","meta":[],"product_cat":[427,18,45],"product_tag":[],"_links":{"self":[{"href":"https:\/\/www.vilaweb.cat\/botiga\/wp-json\/wp\/v2\/product\/28118"}],"collection":[{"href":"https:\/\/www.vilaweb.cat\/botiga\/wp-json\/wp\/v2\/product"}],"about":[{"href":"https:\/\/www.vilaweb.cat\/botiga\/wp-json\/wp\/v2\/types\/product"}],"wp:featuredmedia":[{"embeddable":true,"href":"https:\/\/www.vilaweb.cat\/botiga\/wp-json\/wp\/v2\/media\/28119"}],"wp:attachment":[{"href":"https:\/\/www.vilaweb.cat\/botiga\/wp-json\/wp\/v2\/media?parent=28118"}],"wp:term":[{"taxonomy":"product_cat","embeddable":true,"href":"https:\/\/www.vilaweb.cat\/botiga\/wp-json\/wp\/v2\/product_cat?post=28118"},{"taxonomy":"product_tag","embeddable":true,"href":"https:\/\/www.vilaweb.cat\/botiga\/wp-json\/wp\/v2\/product_tag?post=28118"}],"curies":[{"name":"wp","href":"https:\/\/api.w.org\/{rel}","templated":true}]}}