{"id":27849,"date":"2023-01-02T12:55:54","date_gmt":"2023-01-02T11:55:54","guid":{"rendered":"https:\/\/www.vilaweb.cat\/botiga\/?post_type=product&#038;p=27849"},"modified":"2026-01-31T00:22:51","modified_gmt":"2026-01-30T23:22:51","slug":"pitet-el-calcot","status":"publish","type":"product","link":"https:\/\/www.vilaweb.cat\/botiga\/producte\/pitet-el-calcot\/","title":{"rendered":"Pitet El cal\u00e7ot"},"content":{"rendered":"<p>La cal\u00e7otada \u00e9s un \u00e0pat comunitari, amb fortes connotacions de festa i trobada. A Valls, la ciutat d&#8217;on \u00e9s origin\u00e0ria la cal\u00e7otada se celebra a la fi de gener, des de l&#8217;any 1982 la cal\u00e7otada popular de m\u00e9s renom. Les cal\u00e7otades se solen fer des de finals de la tardor fins al mar\u00e7 o principis d&#8217;abril, segons la temporada.<\/p>\n","protected":false},"excerpt":{"rendered":"<p>Els cal\u00e7ots se serveixen tal com surten de la graella i cal pelar-los i sucar-los a la salsa. D&#8217;uns anys en\u00e7\u00e0, \u00e9s costum de posar-se un pitet per a evitar de tacar-se la roba.<\/p>\n<p>Mida: 30 x 40 cm<\/p>\n","protected":false},"featured_media":27850,"template":"","meta":[],"product_cat":[62,296,79,301],"product_tag":[],"_links":{"self":[{"href":"https:\/\/www.vilaweb.cat\/botiga\/wp-json\/wp\/v2\/product\/27849"}],"collection":[{"href":"https:\/\/www.vilaweb.cat\/botiga\/wp-json\/wp\/v2\/product"}],"about":[{"href":"https:\/\/www.vilaweb.cat\/botiga\/wp-json\/wp\/v2\/types\/product"}],"wp:featuredmedia":[{"embeddable":true,"href":"https:\/\/www.vilaweb.cat\/botiga\/wp-json\/wp\/v2\/media\/27850"}],"wp:attachment":[{"href":"https:\/\/www.vilaweb.cat\/botiga\/wp-json\/wp\/v2\/media?parent=27849"}],"wp:term":[{"taxonomy":"product_cat","embeddable":true,"href":"https:\/\/www.vilaweb.cat\/botiga\/wp-json\/wp\/v2\/product_cat?post=27849"},{"taxonomy":"product_tag","embeddable":true,"href":"https:\/\/www.vilaweb.cat\/botiga\/wp-json\/wp\/v2\/product_tag?post=27849"}],"curies":[{"name":"wp","href":"https:\/\/api.w.org\/{rel}","templated":true}]}}