{"id":27458,"date":"2022-12-22T17:48:51","date_gmt":"2022-12-22T16:48:51","guid":{"rendered":"https:\/\/www.vilaweb.cat\/botiga\/?post_type=product&#038;p=27458"},"modified":"2026-04-04T19:51:33","modified_gmt":"2026-04-04T17:51:33","slug":"mapa-cartografic-dels-paisos-catalans","status":"publish","type":"product","link":"https:\/\/www.vilaweb.cat\/botiga\/producte\/mapa-cartografic-dels-paisos-catalans\/","title":{"rendered":"Mapa topogr\u00e0fic dels Pa\u00efsos Catalans"},"content":{"rendered":"<p>Mapa topogr\u00e0fic en color amb efecte relleu dels Pa\u00efsos Catalans dissenyat per <a href=\"http:\/\/trobart.cat\">Trobart<\/a>.<br \/>\nEstil minimalista amb efecte 3D (P\u00f2ster sense relleu f\u00edsic)<br \/>\nInclou tots els territoris de parla catalana: Andorra, Catalunya, Catalunya Nord, el Carxe, Franja de Ponent, Illes Balears, l&#8217;Alguer i el Pa\u00eds Valenci\u00e0.<br \/>\nImpressi\u00f3 de qualitat sobre paper fotogr\u00e0fic de 200\u202fg, perfecte per a emmarcar. (marc no incl\u00f2s)<br \/>\nMapa base extret de l&#8217;ICGC<\/p>\n","protected":false},"excerpt":{"rendered":"<p>Paper fotogr\u00e0fic de 200 g<br \/>\nMida: 50 x 70 cm<\/p>\n","protected":false},"featured_media":27459,"template":"","meta":[],"product_cat":[93,306,212,320],"product_tag":[],"_links":{"self":[{"href":"https:\/\/www.vilaweb.cat\/botiga\/wp-json\/wp\/v2\/product\/27458"}],"collection":[{"href":"https:\/\/www.vilaweb.cat\/botiga\/wp-json\/wp\/v2\/product"}],"about":[{"href":"https:\/\/www.vilaweb.cat\/botiga\/wp-json\/wp\/v2\/types\/product"}],"wp:featuredmedia":[{"embeddable":true,"href":"https:\/\/www.vilaweb.cat\/botiga\/wp-json\/wp\/v2\/media\/27459"}],"wp:attachment":[{"href":"https:\/\/www.vilaweb.cat\/botiga\/wp-json\/wp\/v2\/media?parent=27458"}],"wp:term":[{"taxonomy":"product_cat","embeddable":true,"href":"https:\/\/www.vilaweb.cat\/botiga\/wp-json\/wp\/v2\/product_cat?post=27458"},{"taxonomy":"product_tag","embeddable":true,"href":"https:\/\/www.vilaweb.cat\/botiga\/wp-json\/wp\/v2\/product_tag?post=27458"}],"curies":[{"name":"wp","href":"https:\/\/api.w.org\/{rel}","templated":true}]}}