{"id":27114,"date":"2022-12-15T13:30:17","date_gmt":"2022-12-15T12:30:17","guid":{"rendered":"https:\/\/www.vilaweb.cat\/botiga\/?post_type=product&#038;p=27114"},"modified":"2025-01-29T16:36:25","modified_gmt":"2025-01-29T15:36:25","slug":"40-anys-darrels-40-anys-dun-pais-catalunya-nord-1981-2021","status":"publish","type":"product","link":"https:\/\/www.vilaweb.cat\/botiga\/producte\/40-anys-darrels-40-anys-dun-pais-catalunya-nord-1981-2021\/","title":{"rendered":"40 Anys D&#8217;Arrels, 40 Anys D&#8217;un Pa\u00eds: Catalunya Nord 1981-2021"},"content":{"rendered":"<p>Aquest llibre ens permetr\u00e0 acostar-nos al que \u00e9s i ha estat Catalunya Nord en aquest per\u00edode del 1981 al 2021.<br \/>\nEl maig del 1981 naixia R\u00e0dio Arrels, l&#8217;\u00fanica r\u00e0dio associativa que emet 100 % en catal\u00e0 a Catalunya Nord, i potser de les poques que \u00e9s tan fidel a la llengua a la resta dels Pa\u00efsos Catalans. El setembre del mateix any, s&#8217;obria l&#8217;escola immersiva Arrels. Avui, 40 anys despr\u00e9s, les iniciatives han prosperat i les celebren amb un llibre mem\u00f2ria il\u00b7lustrant la petita i la gran actualitat d&#8217;aquest pa\u00eds que han compartit amb la seva gent: 40 anys d&#8217;Arrels, 40 anys d&#8217;un pa\u00eds: Catalunya Nord, redactat per la mateixa associaci\u00f3 i coordinat per Eric Forcada. Es tracta de la cr\u00f2nica dels esdeveniments que han marcat l&#8217;actualitat econ\u00f2mica, cultural, social i pol\u00edtica dels anys 1981 al 2021 en aquest petit territori.<br \/>\nEl prop\u00f2sit dels redactors \u00e9s d&#8217;arribar a una aproximaci\u00f3 de tot all\u00f2 que ha tingut transcend\u00e8ncia durant 40 anys a trav\u00e9s d&#8217;una actualitat que R\u00e0dio Arrels ha anat seguint dia a dia amb els criteris d&#8217;objectivitat que la caracteritzen. R\u00e0dio Arrels tamb\u00e9 ha anat recollint testimonis de l&#8217;actualitat d&#8217;aquests 40 anys al pa\u00eds. Per aix\u00f2 es poden escoltar, a trav\u00e9s de codis QR a cada p\u00e0gina del llibre, il\u00b7lustracions sonores i comentaris dels arxius d&#8217;aquesta r\u00e0dio.<\/p>\n","protected":false},"excerpt":{"rendered":"<p><strong>La cr\u00f2nica dels esdeveniments que han marcat l&#8217;actualitat econ\u00f2mica, cultural, social i pol\u00edtica dels anys 1981 al 2021 en aquest petit territori.<\/strong><\/p>\n<p>Any d\u2019edici\u00f3: novembre del 2022<br \/>\nIdioma: catal\u00e0<br \/>\nISBN: 978-2-9507229-2-8<br \/>\nEnquadernaci\u00f3: carton\u00e9<\/p>\n","protected":false},"featured_media":27115,"template":"","meta":[],"product_cat":[18,45],"product_tag":[],"_links":{"self":[{"href":"https:\/\/www.vilaweb.cat\/botiga\/wp-json\/wp\/v2\/product\/27114"}],"collection":[{"href":"https:\/\/www.vilaweb.cat\/botiga\/wp-json\/wp\/v2\/product"}],"about":[{"href":"https:\/\/www.vilaweb.cat\/botiga\/wp-json\/wp\/v2\/types\/product"}],"wp:featuredmedia":[{"embeddable":true,"href":"https:\/\/www.vilaweb.cat\/botiga\/wp-json\/wp\/v2\/media\/27115"}],"wp:attachment":[{"href":"https:\/\/www.vilaweb.cat\/botiga\/wp-json\/wp\/v2\/media?parent=27114"}],"wp:term":[{"taxonomy":"product_cat","embeddable":true,"href":"https:\/\/www.vilaweb.cat\/botiga\/wp-json\/wp\/v2\/product_cat?post=27114"},{"taxonomy":"product_tag","embeddable":true,"href":"https:\/\/www.vilaweb.cat\/botiga\/wp-json\/wp\/v2\/product_tag?post=27114"}],"curies":[{"name":"wp","href":"https:\/\/api.w.org\/{rel}","templated":true}]}}