{"id":26910,"date":"2022-12-05T16:45:39","date_gmt":"2022-12-05T15:45:39","guid":{"rendered":"https:\/\/www.vilaweb.cat\/botiga\/?post_type=product&#038;p=26910"},"modified":"2025-12-11T14:00:01","modified_gmt":"2025-12-11T13:00:01","slug":"tornar-als-remeis-de-sempre","status":"publish","type":"product","link":"https:\/\/www.vilaweb.cat\/botiga\/producte\/tornar-als-remeis-de-sempre\/","title":{"rendered":"Tornar als remeis de sempre"},"content":{"rendered":"<p><span style=\"font-weight: 400;\">El llibre presenta un recull d&#8217;antigues f\u00f3rmules conventuals, la majoria in\u00e8dites, que encara avui en dia ens poden ser \u00fatils per curar moltes de les malalties m\u00e9s quotidianes. Com a novetat, en aquesta 4a edici\u00f3 revisada s&#8217;hi afegeix un interessant apartat on l&#8217;autor presenta una selecci\u00f3 de les m\u00e9s reconegudes herbes santes, explicant les seves propietats i aplicacions.<\/span><\/p>\n<p><span style=\"font-weight: 400;\">El llibre est\u00e0 distribu\u00eft en quatre apartats principals:<\/span><\/p>\n<p><span style=\"font-weight: 400;\">Breu introducci\u00f3 sobre la tradici\u00f3 remeiera dels frares caputxins a Catalunya<\/span><\/p>\n<p><span style=\"font-weight: 400;\">Les herbes santes (nou cap\u00edtol)<\/span><\/p>\n<p><span style=\"font-weight: 400;\">Recull de remeis amb plantes medicinals<\/span><\/p>\n<p><span style=\"font-weight: 400;\">Recull de receptes<\/span><\/p>\n<p><span style=\"font-weight: 400;\">\u00cdndex de malalties i remeis i un extens glossari<\/span><\/p>\n<p><span style=\"font-weight: 400;\">Des que va ser presentat, l&#8217;abril de 2017, aquest petit compendi de medicina natural ha tingut una gran acollida i ha estat molt ben valorat, com ho demostren les seves quatre edicions consecutives a c\u00e0rrec d&#8217;Edicions Morera.<\/span><\/p>\n<p><span style=\"font-weight: 400;\">I \u00e9s que Tornar als remeis de sempre \u00e9s un llibre senzill per\u00f2 molt singular i pr\u00e0ctic. A les seves p\u00e0gines el lector descobrir\u00e0 tot un complet repertori de remeis naturals aix\u00ed com la descripci\u00f3 i les propietats curatives de moltes plantes que tenim al nostre abast, com ara el porro, la tarongina, el safr\u00e0, el boix o l&#8217;api. Remeis destinats a prevenir i curar moltes de les malalties m\u00e9s comunes del nostre dia a dia, des d&#8217;un refredat, una febre, problemes digestius, un mal de cap o un dolor articular, i d&#8217;altres m\u00e9s curiosos com la f\u00f3rmula &#8220;secreta&#8221; de l&#8217;Elixir de la llarga vida o l&#8217;Elixir salutis.<\/span><\/p>\n<p><span style=\"font-weight: 400;\">El llibre inclou nombroses il\u00b7lustracions de les plantes descrites i incorpora un sistema d&#8217;indexaci\u00f3 que tant permet buscar per la planta com per la malaltia.<\/span><\/p>\n","protected":false},"excerpt":{"rendered":"<h3><strong>Pocions, ung\u00fcents i herbes medicinals.<\/strong><\/h3>\n<h3><b>Inclou un nou apartat amb les herbes santes<\/b><\/h3>\n<p><i><span style=\"font-weight: 400;\">Tornar als remeis de sempre<\/span><\/i><span style=\"font-weight: 400;\">\u00a0 (4a edici\u00f3 revisada i augmentada)<\/span> <span style=\"font-weight: 400;\">\u00e9s un llibre escrit per l\u2019historiador i religi\u00f3s caputx\u00ed <\/span><b>Fra Valent\u00ed Serra de Manresa<\/b><span style=\"font-weight: 400;\">, reconegut especialista en plantes remeieres i autor de diversos llibres sobre aquesta tem\u00e0tica, inspirats en la tradici\u00f3 remeiera dels frares caputxins, tan apreciada i reconeguda.<\/span><\/p>\n<p><span style=\"font-weight: 400;\">Any d\u2019edici\u00f3: abril del 2017<\/span><\/p>\n<p><span style=\"font-weight: 400;\">Idioma: catal\u00e0<\/span><\/p>\n<p><span style=\"font-weight: 400;\">N\u00fam. de p\u00e0gines: 80<\/span><\/p>\n<p><span style=\"font-weight: 400;\">ISBN: <\/span><span style=\"font-weight: 400;\">9788494447334<\/span><\/p>\n<p><span style=\"font-weight: 400;\">Enquadernaci\u00f3: r\u00fastica<\/span><\/p>\n","protected":false},"featured_media":26911,"template":"","meta":[],"product_cat":[18,207],"product_tag":[],"_links":{"self":[{"href":"https:\/\/www.vilaweb.cat\/botiga\/wp-json\/wp\/v2\/product\/26910"}],"collection":[{"href":"https:\/\/www.vilaweb.cat\/botiga\/wp-json\/wp\/v2\/product"}],"about":[{"href":"https:\/\/www.vilaweb.cat\/botiga\/wp-json\/wp\/v2\/types\/product"}],"wp:featuredmedia":[{"embeddable":true,"href":"https:\/\/www.vilaweb.cat\/botiga\/wp-json\/wp\/v2\/media\/26911"}],"wp:attachment":[{"href":"https:\/\/www.vilaweb.cat\/botiga\/wp-json\/wp\/v2\/media?parent=26910"}],"wp:term":[{"taxonomy":"product_cat","embeddable":true,"href":"https:\/\/www.vilaweb.cat\/botiga\/wp-json\/wp\/v2\/product_cat?post=26910"},{"taxonomy":"product_tag","embeddable":true,"href":"https:\/\/www.vilaweb.cat\/botiga\/wp-json\/wp\/v2\/product_tag?post=26910"}],"curies":[{"name":"wp","href":"https:\/\/api.w.org\/{rel}","templated":true}]}}