{"id":26840,"date":"2022-12-02T15:04:25","date_gmt":"2022-12-02T14:04:25","guid":{"rendered":"https:\/\/www.vilaweb.cat\/botiga\/?post_type=product&#038;p=26840"},"modified":"2026-02-18T16:40:06","modified_gmt":"2026-02-18T15:40:06","slug":"entrem-dins-del-pessebre","status":"publish","type":"product","link":"https:\/\/www.vilaweb.cat\/botiga\/producte\/entrem-dins-del-pessebre\/","title":{"rendered":"Entrem dins del pessebre"},"content":{"rendered":"<p><span style=\"font-weight: 400;\">A <\/span><i><span style=\"font-weight: 400;\">Entrem dins del pessebre<\/span><\/i><span style=\"font-weight: 400;\"> trobarem respostes a totes aquestes preguntes i a molts altres aspectes curiosos sobre la tradici\u00f3 pessebr\u00edstica. L&#8217;autor, l&#8217;arxiver dels caputxins i reconegut estudi\u00f3s de la cultura popular fra Valent\u00ed Serra de Manresa, ens ofereix una descripci\u00f3 de les principals caracter\u00edstiques dels pessebres populars bastits segons la tradici\u00f3 catalana, alhora que fa una aproximaci\u00f3 al simbolisme de les figures i dona indicacions sobre la construcci\u00f3 del betlem casol\u00e0 i el seu calendari.<\/span><\/p>\n<p><span style=\"font-weight: 400;\">A m\u00e9s, el llibre tamb\u00e9 aporta una s\u00edntesi hist\u00f2rica sobre l&#8217;origen del pessebre, que es remunta a l&#8217;experi\u00e8ncia viscuda per sant Francesc d&#8217;Ass\u00eds el Nadal de 1223 a la poblaci\u00f3 italiana de Greccio, ara fa vuit segles, una efem\u00e8ride que vol commemorar aquest volum de la Col\u00b7lecci\u00f3 l&#8217;Ermit\u00e0.<\/span><\/p>\n<p><i><span style=\"font-weight: 400;\">Entrem dins del pessebre<\/span><\/i><span style=\"font-weight: 400;\"> compta amb unes belles i expressives il\u00b7lustracions in\u00e8dites com, per exemple, les del framenor caputx\u00ed fra D\u00eddac d&#8217;\u00c0guilas (\u2020 1972), a m\u00e9s d&#8217;oferir originals anotacions sobre \u00e0pats nadalencs tinguts entorn del pessebre familiar.<\/span><\/p>\n","protected":false},"excerpt":{"rendered":"<p><span style=\"font-weight: 400;\">El primer pessebre del 1223 tenia figures?<\/span><\/p>\n<p><span style=\"font-weight: 400;\">Qu\u00e8 caracteritza el pessebre catal\u00e0?<\/span><\/p>\n<p><span style=\"font-weight: 400;\">Quin \u00e9s el moviment de les figures marcat pel calendari del pessebre?<\/span><\/p>\n<p><span style=\"font-weight: 400;\">Qu\u00e8 representen la bugadera, el pescador, la dona que fila o el gall?<\/span><\/p>\n<p><span style=\"font-weight: 400;\">Grans escultors com Ramon Amadeu, Venanci Vallmitjana o Josep Llimona modelaren figures de pessebre?<\/span><\/p>\n<p><span style=\"font-weight: 400;\">Any d\u2019edici\u00f3: octubre del 2022<\/span><\/p>\n<p><span style=\"font-weight: 400;\">Idioma: catal\u00e0<\/span><\/p>\n<p><span style=\"font-weight: 400;\">N\u00fam. de p\u00e0gines: 128<\/span><\/p>\n<p><span style=\"font-weight: 400;\">ISBN: <\/span><span style=\"font-weight: 400;\">978-84-23566-3-2<\/span><\/p>\n<p><span style=\"font-weight: 400;\">Enquadernaci\u00f3: r\u00fastica<\/span><\/p>\n","protected":false},"featured_media":26841,"template":"","meta":[],"product_cat":[18,45],"product_tag":[],"_links":{"self":[{"href":"https:\/\/www.vilaweb.cat\/botiga\/wp-json\/wp\/v2\/product\/26840"}],"collection":[{"href":"https:\/\/www.vilaweb.cat\/botiga\/wp-json\/wp\/v2\/product"}],"about":[{"href":"https:\/\/www.vilaweb.cat\/botiga\/wp-json\/wp\/v2\/types\/product"}],"wp:featuredmedia":[{"embeddable":true,"href":"https:\/\/www.vilaweb.cat\/botiga\/wp-json\/wp\/v2\/media\/26841"}],"wp:attachment":[{"href":"https:\/\/www.vilaweb.cat\/botiga\/wp-json\/wp\/v2\/media?parent=26840"}],"wp:term":[{"taxonomy":"product_cat","embeddable":true,"href":"https:\/\/www.vilaweb.cat\/botiga\/wp-json\/wp\/v2\/product_cat?post=26840"},{"taxonomy":"product_tag","embeddable":true,"href":"https:\/\/www.vilaweb.cat\/botiga\/wp-json\/wp\/v2\/product_tag?post=26840"}],"curies":[{"name":"wp","href":"https:\/\/api.w.org\/{rel}","templated":true}]}}