{"id":26800,"date":"2022-12-01T17:27:33","date_gmt":"2022-12-01T16:27:33","guid":{"rendered":"https:\/\/www.vilaweb.cat\/botiga\/?post_type=product&#038;p=26800"},"modified":"2026-03-29T16:48:59","modified_gmt":"2026-03-29T14:48:59","slug":"dessuadora-antifeixista-amb-caputxa","status":"publish","type":"product","link":"https:\/\/www.vilaweb.cat\/botiga\/producte\/dessuadora-antifeixista-amb-caputxa\/","title":{"rendered":"Dessuadora antifeixista amb caputxa"},"content":{"rendered":"<p><span style=\"font-weight: 400;\">Ara m\u00e9s que mai, ens cal no oblidar el significat d&#8217;aquest s\u00edmbol; eliminem el feixisme dels nostres carrers!<\/span><\/p>\n<p><span style=\"font-weight: 400;\">Llueix aquesta dessuadora per fer front al creixent discurs d&#8217;odi, del feixisme i de l&#8217;extrema dreta.<\/span><\/p>\n<p><span style=\"font-weight: 400;\">Visibilitzem que som contraris a qualsevol exercici de discriminaci\u00f3; sigui el racisme, el sexisme o l&#8217;homof\u00f2bia, i de qualsevol restricci\u00f3 de les llibertats.<\/span><\/p>\n","protected":false},"excerpt":{"rendered":"<p>Dessuadora antifeixista amb caputxa.<\/p>\n<p>Guia de talles<\/p>\n<p><img loading=\"lazy\" decoding=\"async\" class=\"alignnone size-medium wp-image-26792\" src=\"https:\/\/imatges.vilaweb.cat\/botiga\/wp-content\/uploads\/2022\/12\/Captura-de-pantalla-2022-12-01-a-les-13.34.17-300x215.png\" alt=\"\" width=\"300\" height=\"215\" srcset=\"https:\/\/imatges.vilaweb.cat\/botiga\/wp-content\/uploads\/2022\/12\/Captura-de-pantalla-2022-12-01-a-les-13.34.17-300x215.png 300w, https:\/\/imatges.vilaweb.cat\/botiga\/wp-content\/uploads\/2022\/12\/Captura-de-pantalla-2022-12-01-a-les-13.34.17-1024x732.png 1024w, https:\/\/imatges.vilaweb.cat\/botiga\/wp-content\/uploads\/2022\/12\/Captura-de-pantalla-2022-12-01-a-les-13.34.17-768x549.png 768w, https:\/\/imatges.vilaweb.cat\/botiga\/wp-content\/uploads\/2022\/12\/Captura-de-pantalla-2022-12-01-a-les-13.34.17-600x429.png 600w, https:\/\/imatges.vilaweb.cat\/botiga\/wp-content\/uploads\/2022\/12\/Captura-de-pantalla-2022-12-01-a-les-13.34.17.png 1474w\" sizes=\"(max-width: 300px) 100vw, 300px\" \/><\/p>\n","protected":false},"featured_media":26808,"template":"","meta":[],"product_cat":[289,421,284],"product_tag":[],"_links":{"self":[{"href":"https:\/\/www.vilaweb.cat\/botiga\/wp-json\/wp\/v2\/product\/26800"}],"collection":[{"href":"https:\/\/www.vilaweb.cat\/botiga\/wp-json\/wp\/v2\/product"}],"about":[{"href":"https:\/\/www.vilaweb.cat\/botiga\/wp-json\/wp\/v2\/types\/product"}],"wp:featuredmedia":[{"embeddable":true,"href":"https:\/\/www.vilaweb.cat\/botiga\/wp-json\/wp\/v2\/media\/26808"}],"wp:attachment":[{"href":"https:\/\/www.vilaweb.cat\/botiga\/wp-json\/wp\/v2\/media?parent=26800"}],"wp:term":[{"taxonomy":"product_cat","embeddable":true,"href":"https:\/\/www.vilaweb.cat\/botiga\/wp-json\/wp\/v2\/product_cat?post=26800"},{"taxonomy":"product_tag","embeddable":true,"href":"https:\/\/www.vilaweb.cat\/botiga\/wp-json\/wp\/v2\/product_tag?post=26800"}],"curies":[{"name":"wp","href":"https:\/\/api.w.org\/{rel}","templated":true}]}}