{"id":26603,"date":"2022-11-23T11:58:14","date_gmt":"2022-11-23T10:58:14","guid":{"rendered":"https:\/\/www.vilaweb.cat\/botiga\/?post_type=product&#038;p=26603"},"modified":"2025-12-08T23:20:58","modified_gmt":"2025-12-08T22:20:58","slug":"motxilla-dels-paisos-catalans","status":"publish","type":"product","link":"https:\/\/www.vilaweb.cat\/botiga\/producte\/motxilla-dels-paisos-catalans\/","title":{"rendered":"Motxilla dels Pa\u00efsos Catalans"},"content":{"rendered":"<p><strong>Avui, dem\u00e0 i sempre; som Pa\u00efsos Catalans!<\/strong><\/p>\n<p><span style=\"font-weight: 400;\">Fes cam\u00ed; equipa&#8217;t amb la motxilla i tria la teva ruta per les terres de parla catalana.<\/span><\/p>\n<p>Reivindica els Pa\u00efsos Catalans all\u00e0 on vagis!<\/p>\n","protected":false},"excerpt":{"rendered":"<p><span style=\"font-weight: 400;\">Motxilla multifunci\u00f3. Gran compartiment principal amb obertura extensible, cremallera i ajustadors. Butxaques laterals. Esquena i nanses encoixinades.<\/span><\/p>\n<p><span style=\"font-weight: 400;\">Material: 100% poli\u00e8ster, teixit \u00f2xford, 900D, 220 g\/m\u00b2.<\/span><\/p>\n<p><span style=\"font-weight: 400;\">Talla \u00fanica: 44 x 30 x 13 cm (oberta 60 x 30 x 13 cm).<\/span><\/p>\n<p><span style=\"font-weight: 400;\">Capacitat: 24 l<\/span><\/p>\n<p><span style=\"font-weight: 400;\">Model a prova de vent.<\/span><\/p>\n","protected":false},"featured_media":26661,"template":"","meta":[],"product_cat":[293,62,307,320,102,212],"product_tag":[],"_links":{"self":[{"href":"https:\/\/www.vilaweb.cat\/botiga\/wp-json\/wp\/v2\/product\/26603"}],"collection":[{"href":"https:\/\/www.vilaweb.cat\/botiga\/wp-json\/wp\/v2\/product"}],"about":[{"href":"https:\/\/www.vilaweb.cat\/botiga\/wp-json\/wp\/v2\/types\/product"}],"wp:featuredmedia":[{"embeddable":true,"href":"https:\/\/www.vilaweb.cat\/botiga\/wp-json\/wp\/v2\/media\/26661"}],"wp:attachment":[{"href":"https:\/\/www.vilaweb.cat\/botiga\/wp-json\/wp\/v2\/media?parent=26603"}],"wp:term":[{"taxonomy":"product_cat","embeddable":true,"href":"https:\/\/www.vilaweb.cat\/botiga\/wp-json\/wp\/v2\/product_cat?post=26603"},{"taxonomy":"product_tag","embeddable":true,"href":"https:\/\/www.vilaweb.cat\/botiga\/wp-json\/wp\/v2\/product_tag?post=26603"}],"curies":[{"name":"wp","href":"https:\/\/api.w.org\/{rel}","templated":true}]}}