{"id":26601,"date":"2022-11-23T11:27:31","date_gmt":"2022-11-23T10:27:31","guid":{"rendered":"https:\/\/www.vilaweb.cat\/botiga\/?post_type=product&#038;p=26601"},"modified":"2025-12-30T12:52:13","modified_gmt":"2025-12-30T11:52:13","slug":"targeter-dels-paisos-catalans","status":"publish","type":"product","link":"https:\/\/www.vilaweb.cat\/botiga\/producte\/targeter-dels-paisos-catalans\/","title":{"rendered":"Targeter dels Pa\u00efsos Catalans"},"content":{"rendered":"<p><strong>Avui, dem\u00e0 i sempre; som Pa\u00efsos Catalans!<\/strong><\/p>\n<p>Llueix-lo i fes visible el teu comprom\u00eds amb el Pa\u00eds.<\/p>\n<p>&nbsp;<\/p>\n","protected":false},"excerpt":{"rendered":"<p><span style=\"font-weight: 400;\">Targeter amb tecnologia de seguretat RFID (Identificaci\u00f3 per R\u00e0dio Freq\u00fc\u00e8ncia) que mant\u00e9 segurs els dispositius de transmissi\u00f3 d&#8217;identitat. D&#8217;elegant disseny, suau, acabat amb polipell negra i amb 8 compartiments. Presentat en caixa individual.<\/span><\/p>\n<p><span style=\"font-weight: 400;\">Mida: 8,2 x 11,7 x 1,5 cm <\/span><\/p>\n","protected":false},"featured_media":26622,"template":"","meta":[],"product_cat":[307,102,212,320],"product_tag":[],"_links":{"self":[{"href":"https:\/\/www.vilaweb.cat\/botiga\/wp-json\/wp\/v2\/product\/26601"}],"collection":[{"href":"https:\/\/www.vilaweb.cat\/botiga\/wp-json\/wp\/v2\/product"}],"about":[{"href":"https:\/\/www.vilaweb.cat\/botiga\/wp-json\/wp\/v2\/types\/product"}],"wp:featuredmedia":[{"embeddable":true,"href":"https:\/\/www.vilaweb.cat\/botiga\/wp-json\/wp\/v2\/media\/26622"}],"wp:attachment":[{"href":"https:\/\/www.vilaweb.cat\/botiga\/wp-json\/wp\/v2\/media?parent=26601"}],"wp:term":[{"taxonomy":"product_cat","embeddable":true,"href":"https:\/\/www.vilaweb.cat\/botiga\/wp-json\/wp\/v2\/product_cat?post=26601"},{"taxonomy":"product_tag","embeddable":true,"href":"https:\/\/www.vilaweb.cat\/botiga\/wp-json\/wp\/v2\/product_tag?post=26601"}],"curies":[{"name":"wp","href":"https:\/\/api.w.org\/{rel}","templated":true}]}}