{"id":26599,"date":"2022-11-23T11:14:05","date_gmt":"2022-11-23T10:14:05","guid":{"rendered":"https:\/\/www.vilaweb.cat\/botiga\/?post_type=product&#038;p=26599"},"modified":"2026-01-27T11:54:46","modified_gmt":"2026-01-27T10:54:46","slug":"cantimplora-del-paisos-catalans","status":"publish","type":"product","link":"https:\/\/www.vilaweb.cat\/botiga\/producte\/cantimplora-del-paisos-catalans\/","title":{"rendered":"Cantimplora dels Pa\u00efsos Catalans"},"content":{"rendered":"<p><strong>Avui, dem\u00e0 i sempre; som Pa\u00efsos Catalans!<\/strong><\/p>\n<p><span style=\"font-weight: 400;\">El millor sabor per a la llengua, que mai se&#8217;ns acabi la set!<\/span><\/p>\n","protected":false},"excerpt":{"rendered":"<p><span style=\"font-weight: 400;\">Cantimplora de 790\u202fml de capacitat amb cos acabat en acer inoxidable. Amb tap de seguretat a joc.<\/span><\/p>\n<p><span style=\"font-weight: 400;\">Mida: 25,7 cm x 7,4 cm de di\u00e0metre<\/span><\/p>\n","protected":false},"featured_media":26718,"template":"","meta":[],"product_cat":[307,320,102,212],"product_tag":[],"_links":{"self":[{"href":"https:\/\/www.vilaweb.cat\/botiga\/wp-json\/wp\/v2\/product\/26599"}],"collection":[{"href":"https:\/\/www.vilaweb.cat\/botiga\/wp-json\/wp\/v2\/product"}],"about":[{"href":"https:\/\/www.vilaweb.cat\/botiga\/wp-json\/wp\/v2\/types\/product"}],"wp:featuredmedia":[{"embeddable":true,"href":"https:\/\/www.vilaweb.cat\/botiga\/wp-json\/wp\/v2\/media\/26718"}],"wp:attachment":[{"href":"https:\/\/www.vilaweb.cat\/botiga\/wp-json\/wp\/v2\/media?parent=26599"}],"wp:term":[{"taxonomy":"product_cat","embeddable":true,"href":"https:\/\/www.vilaweb.cat\/botiga\/wp-json\/wp\/v2\/product_cat?post=26599"},{"taxonomy":"product_tag","embeddable":true,"href":"https:\/\/www.vilaweb.cat\/botiga\/wp-json\/wp\/v2\/product_tag?post=26599"}],"curies":[{"name":"wp","href":"https:\/\/api.w.org\/{rel}","templated":true}]}}