{"id":26371,"date":"2022-11-11T12:17:48","date_gmt":"2022-11-11T11:17:48","guid":{"rendered":"https:\/\/www.vilaweb.cat\/botiga\/?post_type=product&#038;p=26371"},"modified":"2026-04-10T11:36:28","modified_gmt":"2026-04-10T09:36:28","slug":"el-quadern-del-paraulogic","status":"publish","type":"product","link":"https:\/\/www.vilaweb.cat\/botiga\/producte\/el-quadern-del-paraulogic\/","title":{"rendered":"El quadern del Paraul\u00f2gic"},"content":{"rendered":"<p><i><span style=\"font-weight: 400;\">El quadern del Paraul\u00f2gic, <\/span><\/i><span style=\"font-weight: 400;\">de Cristina Serret i Jordi Palou, i amb il\u00b7lustracions de Maria Mir\u00f3, arribar\u00e0 a les llibreries dilluns vinent, 14 de novembre. Tot i ser un llibre d\u2019activitats pensat especialment per a infants i adolescents, promet hores de diversi\u00f3 paraul\u00f2gica per a totes les edats, segons els autors.<\/span><\/p>\n<p><span style=\"font-weight: 400;\">La manera m\u00e9s f\u00e0cil d&#8217;aprendre paraules noves i exercitar la ment en catal\u00e0! Inclou molts trucs sobre llengua per aprendre-la m\u00e9s b\u00e9 i fer-la servir en qualsevol context. T&#8217;ho passar\u00e0s genial jugant al Paraul\u00f2gic de la manera tradicional, per\u00f2 tamb\u00e9 amb tot de passatemps nous: sopes de lletres, trobar les set difer\u00e8ncies, preguntes de cultura general, enigmes, endevinalles i molt m\u00e9s. Juga en paper a un dels jocs en l\u00ednia m\u00e9s populars dels \u00faltims anys, per\u00f2, si ho prefereixes, tamb\u00e9 podr\u00e0s accedir digitalment a tots els ruscos mitjan\u00e7ant el codi QR. Nom\u00e9s et falta agafar un llapis, obrir aquest quadern i&#8230; comen\u00e7ar a buscar paraules! Ser\u00e0s capa\u00e7 de trobar-les totes?<\/span><\/p>\n","protected":false},"excerpt":{"rendered":"<p><span style=\"font-weight: 400;\">Diversi\u00f3 per a tota la fam\u00edlia.<\/span><\/p>\n<p><b>Juguem i aprenem en catal\u00e0.<\/b><\/p>\n<p><span style=\"font-weight: 400;\">Any d\u2019edici\u00f3: novembre del 2022<\/span><\/p>\n<p><span style=\"font-weight: 400;\">Idioma: catal\u00e0<\/span><\/p>\n<p><span style=\"font-weight: 400;\">N\u00fam. de p\u00e0gines: 78<\/span><\/p>\n<p><span style=\"font-weight: 400;\">ISBN: <\/span><span style=\"font-weight: 400;\">978-84-18928741<\/span><\/p>\n<p><span style=\"font-weight: 400;\">Enquadernaci\u00f3: r\u00fastica<\/span><\/p>\n<p><span style=\"font-weight: 400;\">Edat recomanada: a partir de 10 anys<\/span><\/p>\n","protected":false},"featured_media":26372,"template":"","meta":[],"product_cat":[18,47,48,212,319,321],"product_tag":[],"_links":{"self":[{"href":"https:\/\/www.vilaweb.cat\/botiga\/wp-json\/wp\/v2\/product\/26371"}],"collection":[{"href":"https:\/\/www.vilaweb.cat\/botiga\/wp-json\/wp\/v2\/product"}],"about":[{"href":"https:\/\/www.vilaweb.cat\/botiga\/wp-json\/wp\/v2\/types\/product"}],"wp:featuredmedia":[{"embeddable":true,"href":"https:\/\/www.vilaweb.cat\/botiga\/wp-json\/wp\/v2\/media\/26372"}],"wp:attachment":[{"href":"https:\/\/www.vilaweb.cat\/botiga\/wp-json\/wp\/v2\/media?parent=26371"}],"wp:term":[{"taxonomy":"product_cat","embeddable":true,"href":"https:\/\/www.vilaweb.cat\/botiga\/wp-json\/wp\/v2\/product_cat?post=26371"},{"taxonomy":"product_tag","embeddable":true,"href":"https:\/\/www.vilaweb.cat\/botiga\/wp-json\/wp\/v2\/product_tag?post=26371"}],"curies":[{"name":"wp","href":"https:\/\/api.w.org\/{rel}","templated":true}]}}