{"id":2631,"date":"2019-04-26T11:15:17","date_gmt":"2019-04-26T09:15:17","guid":{"rendered":"https:\/\/www.vilaweb.cat\/botiga\/?post_type=product&#038;p=2631"},"modified":"2026-04-02T12:26:40","modified_gmt":"2026-04-02T10:26:40","slug":"bossa-mencises","status":"publish","type":"product","link":"https:\/\/www.vilaweb.cat\/botiga\/producte\/bossa-mencises\/","title":{"rendered":"Bossa M&#8217;encises"},"content":{"rendered":"","protected":false},"excerpt":{"rendered":"<p>La bossa m\u00e9s fresca i primaveral de la temporada. \u00c9s el moment de passar-te a les bosses de roba. Utilitza-la per a qualsevol ocasi\u00f3 i encisa a tothom.<\/p>\n<ul>\n<li>Dimensions: 37cmx41cm<\/li>\n<li>Material: 100%\u00a0cot\u00f3<\/li>\n<li>Anses llargues<\/li>\n<li>Resisteix fins 7kg de pes<\/li>\n<li>Llavar-la i planxar-la a l\u2019inrev\u00e9s<\/li>\n<\/ul>\n","protected":false},"featured_media":2632,"template":"","meta":[],"product_cat":[293,62],"product_tag":[],"_links":{"self":[{"href":"https:\/\/www.vilaweb.cat\/botiga\/wp-json\/wp\/v2\/product\/2631"}],"collection":[{"href":"https:\/\/www.vilaweb.cat\/botiga\/wp-json\/wp\/v2\/product"}],"about":[{"href":"https:\/\/www.vilaweb.cat\/botiga\/wp-json\/wp\/v2\/types\/product"}],"wp:featuredmedia":[{"embeddable":true,"href":"https:\/\/www.vilaweb.cat\/botiga\/wp-json\/wp\/v2\/media\/2632"}],"wp:attachment":[{"href":"https:\/\/www.vilaweb.cat\/botiga\/wp-json\/wp\/v2\/media?parent=2631"}],"wp:term":[{"taxonomy":"product_cat","embeddable":true,"href":"https:\/\/www.vilaweb.cat\/botiga\/wp-json\/wp\/v2\/product_cat?post=2631"},{"taxonomy":"product_tag","embeddable":true,"href":"https:\/\/www.vilaweb.cat\/botiga\/wp-json\/wp\/v2\/product_tag?post=2631"}],"curies":[{"name":"wp","href":"https:\/\/api.w.org\/{rel}","templated":true}]}}