{"id":2480,"date":"2019-04-02T20:13:29","date_gmt":"2019-04-02T18:13:29","guid":{"rendered":"https:\/\/www.vilaweb.cat\/botiga\/?post_type=product&#038;p=2480"},"modified":"2025-12-12T19:37:14","modified_gmt":"2025-12-12T18:37:14","slug":"tassa-magrades-mes-que-el-cafe","status":"publish","type":"product","link":"https:\/\/www.vilaweb.cat\/botiga\/producte\/tassa-magrades-mes-que-el-cafe\/","title":{"rendered":"Tassa M&#8217;agrades m\u00e9s que el caf\u00e8"},"content":{"rendered":"","protected":false},"excerpt":{"rendered":"<p>Tassa de cer\u00e0mica amb el lema \u2018M&#8217;agrades m\u00e9s que el caf\u00e8 de bon mat\u00ed\u2019. Apta per a microones i renta-vaixelles.<\/p>\n<p>Capacitat: 340 ml<\/p>\n<p>&nbsp;<\/p>\n<p>Producte de Faves Comptades<\/p>\n","protected":false},"featured_media":2481,"template":"","meta":[],"product_cat":[79,298],"product_tag":[],"_links":{"self":[{"href":"https:\/\/www.vilaweb.cat\/botiga\/wp-json\/wp\/v2\/product\/2480"}],"collection":[{"href":"https:\/\/www.vilaweb.cat\/botiga\/wp-json\/wp\/v2\/product"}],"about":[{"href":"https:\/\/www.vilaweb.cat\/botiga\/wp-json\/wp\/v2\/types\/product"}],"wp:featuredmedia":[{"embeddable":true,"href":"https:\/\/www.vilaweb.cat\/botiga\/wp-json\/wp\/v2\/media\/2481"}],"wp:attachment":[{"href":"https:\/\/www.vilaweb.cat\/botiga\/wp-json\/wp\/v2\/media?parent=2480"}],"wp:term":[{"taxonomy":"product_cat","embeddable":true,"href":"https:\/\/www.vilaweb.cat\/botiga\/wp-json\/wp\/v2\/product_cat?post=2480"},{"taxonomy":"product_tag","embeddable":true,"href":"https:\/\/www.vilaweb.cat\/botiga\/wp-json\/wp\/v2\/product_tag?post=2480"}],"curies":[{"name":"wp","href":"https:\/\/api.w.org\/{rel}","templated":true}]}}