{"id":24662,"date":"2022-08-09T11:58:52","date_gmt":"2022-08-09T09:58:52","guid":{"rendered":"https:\/\/www.vilaweb.cat\/botiga\/?post_type=product&#038;p=24662"},"modified":"2026-03-27T18:25:23","modified_gmt":"2026-03-27T17:25:23","slug":"body-pot-petit","status":"publish","type":"product","link":"https:\/\/www.vilaweb.cat\/botiga\/producte\/body-pot-petit\/","title":{"rendered":"Bodi Pot Petit"},"content":{"rendered":"<p>Bodi de cot\u00f3 org\u00e0nic serigrafiat amb tinta negra el missatge de: al pot petit hi ha la bona confitura. 100% cot\u00f3 org\u00e0nic per les pells m\u00e9s delicades i sensibles.<\/p>\n<p>&nbsp;<\/p>\n<p>&nbsp;<\/p>\n<p>&nbsp;<\/p>\n","protected":false},"excerpt":{"rendered":"<p>Al pot petit hi ha la bona confitura.<\/p>\n<p>Talla 3\/6 mesos<\/p>\n","protected":false},"featured_media":24663,"template":"","meta":[],"product_cat":[290,284],"product_tag":[],"_links":{"self":[{"href":"https:\/\/www.vilaweb.cat\/botiga\/wp-json\/wp\/v2\/product\/24662"}],"collection":[{"href":"https:\/\/www.vilaweb.cat\/botiga\/wp-json\/wp\/v2\/product"}],"about":[{"href":"https:\/\/www.vilaweb.cat\/botiga\/wp-json\/wp\/v2\/types\/product"}],"wp:featuredmedia":[{"embeddable":true,"href":"https:\/\/www.vilaweb.cat\/botiga\/wp-json\/wp\/v2\/media\/24663"}],"wp:attachment":[{"href":"https:\/\/www.vilaweb.cat\/botiga\/wp-json\/wp\/v2\/media?parent=24662"}],"wp:term":[{"taxonomy":"product_cat","embeddable":true,"href":"https:\/\/www.vilaweb.cat\/botiga\/wp-json\/wp\/v2\/product_cat?post=24662"},{"taxonomy":"product_tag","embeddable":true,"href":"https:\/\/www.vilaweb.cat\/botiga\/wp-json\/wp\/v2\/product_tag?post=24662"}],"curies":[{"name":"wp","href":"https:\/\/api.w.org\/{rel}","templated":true}]}}