{"id":24181,"date":"2022-06-16T19:18:59","date_gmt":"2022-06-16T17:18:59","guid":{"rendered":"https:\/\/www.vilaweb.cat\/botiga\/?post_type=product&#038;p=24181"},"modified":"2026-04-17T17:48:58","modified_gmt":"2026-04-17T15:48:58","slug":"el-llibre-del-paraulogic","status":"publish","type":"product","link":"https:\/\/www.vilaweb.cat\/botiga\/producte\/el-llibre-del-paraulogic\/","title":{"rendered":"El llibre del Paraul\u00f2gic"},"content":{"rendered":"<div class=\"container-fluid white\">\n<div class=\"container text-center white shadow-none p-4\">\n<div class=\"row\">\n<div id=\"sinopsis\" class=\"font-weight-normal text-left m-2\">\n<p class=\"ml-xl-0 ml-4\">El fen\u00f2men ling\u00fc\u00edstic que t\u00e9 enganxats m\u00e9s de 200.000 usuaris. El <strong>Paraul\u00f2gic<\/strong> \u00e9s la revoluci\u00f3 m\u00e9s engrescadora en llengua catalana dels \u00faltims temps. Milers de persones hi juguen i aprenen paraules noves cada dia amb l\u2019ordinador, la tauleta o el m\u00f2bil. Un \u00e8xit que no para de cr\u00e9ixer i que ara els seus creadors han adaptat en un format llibre per posar a prova en un format diferent la nostra passi\u00f3 ling\u00fc\u00edstica amb acudits, enigmes, endevinalles i un humor desbordant d\u2019imaginaci\u00f3 i enginy. Tant si ets un paraulista expert o debutant, jugant al <strong><em>El llibre del Paraul\u00f2gic<\/em><\/strong> aprendr\u00e0s un munt de curiositats sobre mots coneguts i d\u2019altres que descobrir\u00e0s per primera vegada, et divertir\u00e0s amb les an\u00e8cdotes sobre el fenomen que ha revolucionat la ludosfera catalana i descobrir\u00e0s trucs infal\u00b7libles per dominar aquest desfici verbal.<\/p>\n<\/div>\n<\/div>\n<\/div>\n<\/div>\n","protected":false},"excerpt":{"rendered":"<p><strong>Jordi Palou | Pau Vidal<\/strong><\/p>\n<p>Ara llibres, 2022<\/p>\n","protected":false},"featured_media":24182,"template":"","meta":[],"product_cat":[18,48,212,319,321],"product_tag":[],"_links":{"self":[{"href":"https:\/\/www.vilaweb.cat\/botiga\/wp-json\/wp\/v2\/product\/24181"}],"collection":[{"href":"https:\/\/www.vilaweb.cat\/botiga\/wp-json\/wp\/v2\/product"}],"about":[{"href":"https:\/\/www.vilaweb.cat\/botiga\/wp-json\/wp\/v2\/types\/product"}],"wp:featuredmedia":[{"embeddable":true,"href":"https:\/\/www.vilaweb.cat\/botiga\/wp-json\/wp\/v2\/media\/24182"}],"wp:attachment":[{"href":"https:\/\/www.vilaweb.cat\/botiga\/wp-json\/wp\/v2\/media?parent=24181"}],"wp:term":[{"taxonomy":"product_cat","embeddable":true,"href":"https:\/\/www.vilaweb.cat\/botiga\/wp-json\/wp\/v2\/product_cat?post=24181"},{"taxonomy":"product_tag","embeddable":true,"href":"https:\/\/www.vilaweb.cat\/botiga\/wp-json\/wp\/v2\/product_tag?post=24181"}],"curies":[{"name":"wp","href":"https:\/\/api.w.org\/{rel}","templated":true}]}}