{"id":24170,"date":"2022-06-14T16:54:56","date_gmt":"2022-06-14T14:54:56","guid":{"rendered":"https:\/\/www.vilaweb.cat\/botiga\/?post_type=product&#038;p=24170"},"modified":"2023-12-19T10:56:25","modified_gmt":"2023-12-19T09:56:25","slug":"bomba-de-llavors-julivert","status":"publish","type":"product","link":"https:\/\/www.vilaweb.cat\/botiga\/producte\/bomba-de-llavors-julivert\/","title":{"rendered":"Bomba de llavors &#8211; julivert"},"content":{"rendered":"<p>CARACTER\u00cdSTIQUES<\/p>\n<p>Mesures c\u00fapula vidre: 3 x 10 cm<br \/>\nMesures bomba: 27 mm de di\u00e0metre<\/p>\n<p>Llavors: julivert<\/p>\n<p>Eines en miniatura a l&#8217;atzar.<\/p>\n","protected":false},"excerpt":{"rendered":"<p>Aquestes bombes d\u2019argila plenes de llavors estan llestes per ser plantades a qualsevol test o rac\u00f3 del teu jard\u00ed. Una c\u00fapula de vidre amb tap de suro acompanyada d\u2019una petita eina per conrear les teves pr\u00f2pies herbes culin\u00e0ries (julivert).<\/p>\n<p>La Frase: cuida\u2019m i cuida\u2019t mai havia tingut tan sentit aquest any.<\/p>\n<p>Presentat amb una capsa amb les instruccions.<\/p>\n","protected":false},"featured_media":21887,"template":"","meta":[],"product_cat":[102],"product_tag":[],"_links":{"self":[{"href":"https:\/\/www.vilaweb.cat\/botiga\/wp-json\/wp\/v2\/product\/24170"}],"collection":[{"href":"https:\/\/www.vilaweb.cat\/botiga\/wp-json\/wp\/v2\/product"}],"about":[{"href":"https:\/\/www.vilaweb.cat\/botiga\/wp-json\/wp\/v2\/types\/product"}],"wp:featuredmedia":[{"embeddable":true,"href":"https:\/\/www.vilaweb.cat\/botiga\/wp-json\/wp\/v2\/media\/21887"}],"wp:attachment":[{"href":"https:\/\/www.vilaweb.cat\/botiga\/wp-json\/wp\/v2\/media?parent=24170"}],"wp:term":[{"taxonomy":"product_cat","embeddable":true,"href":"https:\/\/www.vilaweb.cat\/botiga\/wp-json\/wp\/v2\/product_cat?post=24170"},{"taxonomy":"product_tag","embeddable":true,"href":"https:\/\/www.vilaweb.cat\/botiga\/wp-json\/wp\/v2\/product_tag?post=24170"}],"curies":[{"name":"wp","href":"https:\/\/api.w.org\/{rel}","templated":true}]}}