{"id":2391,"date":"2019-03-22T16:54:33","date_gmt":"2019-03-22T15:54:33","guid":{"rendered":"https:\/\/www.vilaweb.cat\/botiga\/?post_type=product&#038;p=2391"},"modified":"2026-01-16T19:24:26","modified_gmt":"2026-01-16T18:24:26","slug":"y-ahi-lo-dejo-cronica-de-un-proceso","status":"publish","type":"product","link":"https:\/\/www.vilaweb.cat\/botiga\/producte\/y-ahi-lo-dejo-cronica-de-un-proceso\/","title":{"rendered":"Y ah\u00ed lo dejo. Cr\u00f3nica de un proceso"},"content":{"rendered":"<p>Gonzalo Boye es el cerebro jur\u00eddico que ha llevado el caso de los pol\u00edticos catalanes que se exiliaron de forma precipitada y urgente, por instrucciones suyas, cuando se supo que la jueza Lamela iba a encausar e inmediatamente encarcelar a todos los que ella consideraba responsables de los supuestos delitos de sedici\u00f3n y rebeli\u00f3n tras el resultado del refer\u00e9ndum del 1 de octubre.<\/p>\n<p>En este libro cuenta con todo detalle de qu\u00e9 manera aconsej\u00f3 a los pol\u00edticos tras salir de Espa\u00f1a, y c\u00f3mo fue organizando la defensa de sus representados gracias a su conocimiento de la jurisprudencia internacional. B\u00e9lgica, Alemania, Escocia&#8230; todos los escenarios europeos donde se va a seguir librando la defensa de los pol\u00edticos independentistas, los abogados y la t\u00e1ctica empleada en todos los casos se ofrece aqu\u00ed desde la perspectiva del abogado que ha llevado la estrategia hasta ahora exitosa de la defensa de estos pol\u00edticos.<\/p>\n","protected":false},"excerpt":{"rendered":"<p><strong>Gonzalo Boye<\/strong><\/p>\n<p>Roca Editorial, 2019<\/p>\n","protected":false},"featured_media":2396,"template":"","meta":[],"product_cat":[427,18],"product_tag":[],"_links":{"self":[{"href":"https:\/\/www.vilaweb.cat\/botiga\/wp-json\/wp\/v2\/product\/2391"}],"collection":[{"href":"https:\/\/www.vilaweb.cat\/botiga\/wp-json\/wp\/v2\/product"}],"about":[{"href":"https:\/\/www.vilaweb.cat\/botiga\/wp-json\/wp\/v2\/types\/product"}],"wp:featuredmedia":[{"embeddable":true,"href":"https:\/\/www.vilaweb.cat\/botiga\/wp-json\/wp\/v2\/media\/2396"}],"wp:attachment":[{"href":"https:\/\/www.vilaweb.cat\/botiga\/wp-json\/wp\/v2\/media?parent=2391"}],"wp:term":[{"taxonomy":"product_cat","embeddable":true,"href":"https:\/\/www.vilaweb.cat\/botiga\/wp-json\/wp\/v2\/product_cat?post=2391"},{"taxonomy":"product_tag","embeddable":true,"href":"https:\/\/www.vilaweb.cat\/botiga\/wp-json\/wp\/v2\/product_tag?post=2391"}],"curies":[{"name":"wp","href":"https:\/\/api.w.org\/{rel}","templated":true}]}}