{"id":23362,"date":"2022-03-28T18:17:29","date_gmt":"2022-03-28T16:17:29","guid":{"rendered":"https:\/\/www.vilaweb.cat\/botiga\/?post_type=product&#038;p=23362"},"modified":"2026-01-30T13:16:07","modified_gmt":"2026-01-30T12:16:07","slug":"samarreta-infantil-escola-en-catala","status":"publish","type":"product","link":"https:\/\/www.vilaweb.cat\/botiga\/producte\/samarreta-infantil-escola-en-catala\/","title":{"rendered":"Samarreta infantil &#8216;Escola en catal\u00e0&#8217;"},"content":{"rendered":"","protected":false},"excerpt":{"rendered":"<p>Samarreta infantil de cot\u00f3 &#8216;Ara i sempre escola en catal\u00e0&#8217;<\/p>\n","protected":false},"featured_media":23371,"template":"","meta":[],"product_cat":[284,288],"product_tag":[],"_links":{"self":[{"href":"https:\/\/www.vilaweb.cat\/botiga\/wp-json\/wp\/v2\/product\/23362"}],"collection":[{"href":"https:\/\/www.vilaweb.cat\/botiga\/wp-json\/wp\/v2\/product"}],"about":[{"href":"https:\/\/www.vilaweb.cat\/botiga\/wp-json\/wp\/v2\/types\/product"}],"wp:featuredmedia":[{"embeddable":true,"href":"https:\/\/www.vilaweb.cat\/botiga\/wp-json\/wp\/v2\/media\/23371"}],"wp:attachment":[{"href":"https:\/\/www.vilaweb.cat\/botiga\/wp-json\/wp\/v2\/media?parent=23362"}],"wp:term":[{"taxonomy":"product_cat","embeddable":true,"href":"https:\/\/www.vilaweb.cat\/botiga\/wp-json\/wp\/v2\/product_cat?post=23362"},{"taxonomy":"product_tag","embeddable":true,"href":"https:\/\/www.vilaweb.cat\/botiga\/wp-json\/wp\/v2\/product_tag?post=23362"}],"curies":[{"name":"wp","href":"https:\/\/api.w.org\/{rel}","templated":true}]}}