{"id":23355,"date":"2022-03-28T18:09:12","date_gmt":"2022-03-28T16:09:12","guid":{"rendered":"https:\/\/www.vilaweb.cat\/botiga\/?post_type=product&#038;p=23355"},"modified":"2025-05-07T11:56:30","modified_gmt":"2025-05-07T09:56:30","slug":"samarreta-defensem-lescola-en-catala","status":"publish","type":"product","link":"https:\/\/www.vilaweb.cat\/botiga\/producte\/samarreta-defensem-lescola-en-catala\/","title":{"rendered":"Samarreta &#8216;Defensem l&#8217;escola en catal\u00e0&#8217;"},"content":{"rendered":"","protected":false},"excerpt":{"rendered":"<p>Samarreta unisex de cot\u00f3 &#8216;Defensem l&#8217;escola en catal\u00e0&#8217;<\/p>\n","protected":false},"featured_media":23361,"template":"","meta":[],"product_cat":[421,284,286],"product_tag":[],"_links":{"self":[{"href":"https:\/\/www.vilaweb.cat\/botiga\/wp-json\/wp\/v2\/product\/23355"}],"collection":[{"href":"https:\/\/www.vilaweb.cat\/botiga\/wp-json\/wp\/v2\/product"}],"about":[{"href":"https:\/\/www.vilaweb.cat\/botiga\/wp-json\/wp\/v2\/types\/product"}],"wp:featuredmedia":[{"embeddable":true,"href":"https:\/\/www.vilaweb.cat\/botiga\/wp-json\/wp\/v2\/media\/23361"}],"wp:attachment":[{"href":"https:\/\/www.vilaweb.cat\/botiga\/wp-json\/wp\/v2\/media?parent=23355"}],"wp:term":[{"taxonomy":"product_cat","embeddable":true,"href":"https:\/\/www.vilaweb.cat\/botiga\/wp-json\/wp\/v2\/product_cat?post=23355"},{"taxonomy":"product_tag","embeddable":true,"href":"https:\/\/www.vilaweb.cat\/botiga\/wp-json\/wp\/v2\/product_tag?post=23355"}],"curies":[{"name":"wp","href":"https:\/\/api.w.org\/{rel}","templated":true}]}}