{"id":23135,"date":"2022-03-07T17:33:23","date_gmt":"2022-03-07T16:33:23","guid":{"rendered":"https:\/\/www.vilaweb.cat\/botiga\/?post_type=product&#038;p=23135"},"modified":"2025-09-03T11:06:12","modified_gmt":"2025-09-03T09:06:12","slug":"molts-i-ningu","status":"publish","type":"product","link":"https:\/\/www.vilaweb.cat\/botiga\/producte\/molts-i-ningu\/","title":{"rendered":"Molts i ning\u00fa"},"content":{"rendered":"<p>\u00abQui, exiliant-se de la seva p\u00e0tria, ha fugit tamb\u00e9 d\u2019ell mateix?\u00bb, es preguntava Horaci. A\u00a0<i>Molts i ning\u00fa<\/i>, Clara Ponsat\u00ed, lluny de fugir, es mira a ella mateixa i ens mira a nosaltres a la cara, i, amb la fermesa i la sinceritat que la caracteritzen, ens parla sense embuts. Aquest embastat de mem\u00f2ries i altres hist\u00f2ries es pot llegir com una autobiografia: \u00e9s la cr\u00f2nica d\u2019una traject\u00f2ria vital i acad\u00e8mica molt rica i d\u2019un comprom\u00eds pol\u00edtic al llarg dels anys, i tamb\u00e9 el relat de primera m\u00e0 d\u2019un moment decisiu de la hist\u00f2ria recent -des del Primer d\u2019Octubre fins al combat europeu dels exiliats- que convida a una reflexi\u00f3 de futur.<\/p>\n<p>Amb una evocaci\u00f3 viva\u00e7 dels seus records familiars, l\u2019autora converteix la narraci\u00f3 del seu present, del seu passat i del de la seva fam\u00edlia -comen\u00e7ant pels besavis- en un autoretrat personal i col\u00b7lectiu, i ret un homenatge a la manera d\u2019entendre, construir i viure aquest pa\u00eds de diverses generacions a trav\u00e9s de la feina, la pol\u00edtica, l\u2019escola, la cultura i la llengua.<\/p>\n<p>\u00abSi quan nosaltres tornem a casa Catalunya no \u00e9s independent, haurem tornat, per\u00f2 no serem lliures. No som a l\u2019exili pel que vam fer o pel que diuen que vam fer. Som a l\u2019exili perqu\u00e8 som catalans i som independentistes. Mentre hi hagi independentistes, hi haur\u00e0 repressi\u00f3, exili i pres\u00f3. Ha passat sempre. Per aix\u00f2 \u00e9s una enganyifa contraposar el di\u00e0leg a la independ\u00e8ncia. La hist\u00f2ria de Catalunya no es repeteix per casualitat. Es repeteix perqu\u00e8 no som lliures. No serveix de res ajornar la independ\u00e8ncia. No serveix de res cercar el nostre lloc a l\u2019Estat espanyol. A l\u2019Estat espanyol no hi tindrem mai lloc si no deixem de ser catalans. Ho han viscut els nostres avis, els nostres pares i ara ho estem vivint nosaltres. I ho viuran els nostres fills i els nostres nets si nosaltres ara defallim\u00bb, escriu Clara Ponsat\u00ed en aquestes mem\u00f2ries.<\/p>\n","protected":false},"excerpt":{"rendered":"<p>&nbsp;<\/p>\n<p><strong>Embastat de mem\u00f2ries i altres hist\u00f2ries.<\/strong><\/p>\n<p><strong>Clara Ponsat\u00ed<\/strong><\/p>\n<p>La Campana, 2022<\/p>\n","protected":false},"featured_media":23136,"template":"","meta":[],"product_cat":[18,42],"product_tag":[],"_links":{"self":[{"href":"https:\/\/www.vilaweb.cat\/botiga\/wp-json\/wp\/v2\/product\/23135"}],"collection":[{"href":"https:\/\/www.vilaweb.cat\/botiga\/wp-json\/wp\/v2\/product"}],"about":[{"href":"https:\/\/www.vilaweb.cat\/botiga\/wp-json\/wp\/v2\/types\/product"}],"wp:featuredmedia":[{"embeddable":true,"href":"https:\/\/www.vilaweb.cat\/botiga\/wp-json\/wp\/v2\/media\/23136"}],"wp:attachment":[{"href":"https:\/\/www.vilaweb.cat\/botiga\/wp-json\/wp\/v2\/media?parent=23135"}],"wp:term":[{"taxonomy":"product_cat","embeddable":true,"href":"https:\/\/www.vilaweb.cat\/botiga\/wp-json\/wp\/v2\/product_cat?post=23135"},{"taxonomy":"product_tag","embeddable":true,"href":"https:\/\/www.vilaweb.cat\/botiga\/wp-json\/wp\/v2\/product_tag?post=23135"}],"curies":[{"name":"wp","href":"https:\/\/api.w.org\/{rel}","templated":true}]}}