{"id":23047,"date":"2022-03-01T15:44:40","date_gmt":"2022-03-01T14:44:40","guid":{"rendered":"https:\/\/www.vilaweb.cat\/botiga\/?post_type=product&#038;p=23047"},"modified":"2026-03-06T17:28:57","modified_gmt":"2026-03-06T16:28:57","slug":"bossa-som-historiques","status":"publish","type":"product","link":"https:\/\/www.vilaweb.cat\/botiga\/producte\/bossa-som-historiques\/","title":{"rendered":"Bossa &#8216;Som hist\u00f2riques&#8217;"},"content":{"rendered":"","protected":false},"excerpt":{"rendered":"<p>Bossa de roba &#8216;No som hist\u00e8riques, som hist\u00f2riques&#8217;<\/p>\n<div class=\"short-description\">Mides: 38 x 42 cm. Nanses 65 cm<br \/>\nGramatge: 280 g\/m\u00b2<br \/>\nMaterial: 100% Cot\u00f3<\/div>\n<div class=\"short-description\">Certificat: OEKO-TEX\u00ae Standard 100<\/div>\n<div><\/div>\n<div>Producte de Faves Comptades<\/div>\n","protected":false},"featured_media":23048,"template":"","meta":[],"product_cat":[293,62],"product_tag":[],"_links":{"self":[{"href":"https:\/\/www.vilaweb.cat\/botiga\/wp-json\/wp\/v2\/product\/23047"}],"collection":[{"href":"https:\/\/www.vilaweb.cat\/botiga\/wp-json\/wp\/v2\/product"}],"about":[{"href":"https:\/\/www.vilaweb.cat\/botiga\/wp-json\/wp\/v2\/types\/product"}],"wp:featuredmedia":[{"embeddable":true,"href":"https:\/\/www.vilaweb.cat\/botiga\/wp-json\/wp\/v2\/media\/23048"}],"wp:attachment":[{"href":"https:\/\/www.vilaweb.cat\/botiga\/wp-json\/wp\/v2\/media?parent=23047"}],"wp:term":[{"taxonomy":"product_cat","embeddable":true,"href":"https:\/\/www.vilaweb.cat\/botiga\/wp-json\/wp\/v2\/product_cat?post=23047"},{"taxonomy":"product_tag","embeddable":true,"href":"https:\/\/www.vilaweb.cat\/botiga\/wp-json\/wp\/v2\/product_tag?post=23047"}],"curies":[{"name":"wp","href":"https:\/\/api.w.org\/{rel}","templated":true}]}}