{"id":23042,"date":"2022-03-01T12:57:57","date_gmt":"2022-03-01T11:57:57","guid":{"rendered":"https:\/\/www.vilaweb.cat\/botiga\/?post_type=product&#038;p=23042"},"modified":"2026-03-27T17:22:27","modified_gmt":"2026-03-27T16:22:27","slug":"tassa-paraulogic-llibertat","status":"publish","type":"product","link":"https:\/\/www.vilaweb.cat\/botiga\/producte\/tassa-paraulogic-llibertat\/","title":{"rendered":"Tassa Paraul\u00f2gic &#8211; Llibertat"},"content":{"rendered":"","protected":false},"excerpt":{"rendered":"<p>Tassa de cer\u00e0mica amb el disseny del <strong>Paraul\u00f2gic<\/strong>, &#8216;tuti&#8217; <strong>Llibertat<\/strong><\/p>\n<p>Aquest producte pot trigar fins a 7 dies.<\/p>\n<p>Capacitat: 300ml<\/p>\n<p>Mides: di\u00e0metre: 8cm, al\u00e7ada: 9.5cm<br \/>\nApta per a microones i rentavaixelles<\/p>\n","protected":false},"featured_media":23038,"template":"","meta":[],"product_cat":[79,319,298,212],"product_tag":[],"_links":{"self":[{"href":"https:\/\/www.vilaweb.cat\/botiga\/wp-json\/wp\/v2\/product\/23042"}],"collection":[{"href":"https:\/\/www.vilaweb.cat\/botiga\/wp-json\/wp\/v2\/product"}],"about":[{"href":"https:\/\/www.vilaweb.cat\/botiga\/wp-json\/wp\/v2\/types\/product"}],"wp:featuredmedia":[{"embeddable":true,"href":"https:\/\/www.vilaweb.cat\/botiga\/wp-json\/wp\/v2\/media\/23038"}],"wp:attachment":[{"href":"https:\/\/www.vilaweb.cat\/botiga\/wp-json\/wp\/v2\/media?parent=23042"}],"wp:term":[{"taxonomy":"product_cat","embeddable":true,"href":"https:\/\/www.vilaweb.cat\/botiga\/wp-json\/wp\/v2\/product_cat?post=23042"},{"taxonomy":"product_tag","embeddable":true,"href":"https:\/\/www.vilaweb.cat\/botiga\/wp-json\/wp\/v2\/product_tag?post=23042"}],"curies":[{"name":"wp","href":"https:\/\/api.w.org\/{rel}","templated":true}]}}