{"id":22894,"date":"2022-02-11T15:37:41","date_gmt":"2022-02-11T14:37:41","guid":{"rendered":"https:\/\/www.vilaweb.cat\/botiga\/?post_type=product&#038;p=22894"},"modified":"2026-04-09T14:21:09","modified_gmt":"2026-04-09T12:21:09","slug":"fronteres-vicent-partal","status":"publish","type":"product","link":"https:\/\/www.vilaweb.cat\/botiga\/producte\/fronteres-vicent-partal\/","title":{"rendered":"Fronteres"},"content":{"rendered":"<p>Vicent Partal est\u00e9n el mapamundi davant dels ulls del lector i n\u2019assenyala les fronteres oficials per mostrar que aquestes l\u00ednies arbitr\u00e0ries no s\u00f3n les \u00faniques que governen la relaci\u00f3 entre les comunitats humanes que formen el planeta.<\/p>\n<p>Les fronteres s\u00f3n punts clau de conflu\u00e8ncia cultural i de conflicte pol\u00edtic, de mixtura ling\u00fc\u00edstica i de transformaci\u00f3 hist\u00f2rica. S\u00f3n un fenomen social magn\u00edfic i de lectura inesgotable. Resseguint el tra\u00e7 d\u2019aquestes l\u00ednies dibuixades sobre els mapes, ens endinsem en la hist\u00f2ria dels seus pobles de manera privilegiada. Vicent Partal n\u2019ha viscut de tots colors i en moments de gran transcend\u00e8ncia period\u00edstica, i aqu\u00ed en deixa una bona mostra. Belfast, Moscou, Sarajevo, Hong Kong&#8230; Trenta-set cap\u00edtols en qu\u00e8 assistirem a l\u2019esmicolament de la Uni\u00f3 Sovi\u00e8tica, als estralls de la guerra dels Balcans, al naixement de rep\u00fabliques i al renaixement de lleng\u00fces oficialment extingides. Un viatge fascinant.<\/p>\n<p>\u00abContra all\u00f2 que sol pensar la gent, i contra all\u00f2 que els estats volen que pensem, les fronteres s\u00f3n sempre una invenci\u00f3 humana i ni tan sols aquelles m\u00e9s aparentment naturals no ho s\u00f3n, de naturals\u00bb.<\/p>\n<p><em>Fronteres<\/em>\u00a0\u00e9s el tercer t\u00edtol de la col\u00b7lecci\u00f3\u00a0<strong>\u00abEspores\u00bb<\/strong>: assaig, no-ficci\u00f3 i cr\u00f2nica liter\u00e0ria per escampar mirades enriquidores sobre el pa\u00eds i el m\u00f3n que vivim.<\/p>\n","protected":false},"excerpt":{"rendered":"<p><strong>Vicent Partal<\/strong><\/p>\n<p>Comanegra, 2022<\/p>\n","protected":false},"featured_media":22895,"template":"","meta":[],"product_cat":[42,18,321,212],"product_tag":[],"_links":{"self":[{"href":"https:\/\/www.vilaweb.cat\/botiga\/wp-json\/wp\/v2\/product\/22894"}],"collection":[{"href":"https:\/\/www.vilaweb.cat\/botiga\/wp-json\/wp\/v2\/product"}],"about":[{"href":"https:\/\/www.vilaweb.cat\/botiga\/wp-json\/wp\/v2\/types\/product"}],"wp:featuredmedia":[{"embeddable":true,"href":"https:\/\/www.vilaweb.cat\/botiga\/wp-json\/wp\/v2\/media\/22895"}],"wp:attachment":[{"href":"https:\/\/www.vilaweb.cat\/botiga\/wp-json\/wp\/v2\/media?parent=22894"}],"wp:term":[{"taxonomy":"product_cat","embeddable":true,"href":"https:\/\/www.vilaweb.cat\/botiga\/wp-json\/wp\/v2\/product_cat?post=22894"},{"taxonomy":"product_tag","embeddable":true,"href":"https:\/\/www.vilaweb.cat\/botiga\/wp-json\/wp\/v2\/product_tag?post=22894"}],"curies":[{"name":"wp","href":"https:\/\/api.w.org\/{rel}","templated":true}]}}