{"id":2227,"date":"2019-02-28T19:47:17","date_gmt":"2019-02-28T18:47:17","guid":{"rendered":"https:\/\/www.vilaweb.cat\/botiga\/?post_type=product&#038;p=2227"},"modified":"2024-09-01T11:04:38","modified_gmt":"2024-09-01T09:04:38","slug":"bandera-domas-dones-lliures","status":"publish","type":"product","link":"https:\/\/www.vilaweb.cat\/botiga\/producte\/bandera-domas-dones-lliures\/","title":{"rendered":"Bandera-dom\u00e0s Dones lliures"},"content":{"rendered":"","protected":false},"excerpt":{"rendered":"<p>Bandera &#8211; dom\u00e0s &#8216;Dones lliures en una terra lliure&#8217; amb la bandera lila feminista i l&#8217;estelada vermella.<\/p>\n<p>Impresa nom\u00e9s per una cara i du 4 betes amb refor\u00e7 per lligar-la. No t\u00e9 vores.<\/p>\n<p>Mida: 118 x 95cm<\/p>\n","protected":false},"featured_media":2229,"template":"","meta":[],"product_cat":[292],"product_tag":[],"_links":{"self":[{"href":"https:\/\/www.vilaweb.cat\/botiga\/wp-json\/wp\/v2\/product\/2227"}],"collection":[{"href":"https:\/\/www.vilaweb.cat\/botiga\/wp-json\/wp\/v2\/product"}],"about":[{"href":"https:\/\/www.vilaweb.cat\/botiga\/wp-json\/wp\/v2\/types\/product"}],"wp:featuredmedia":[{"embeddable":true,"href":"https:\/\/www.vilaweb.cat\/botiga\/wp-json\/wp\/v2\/media\/2229"}],"wp:attachment":[{"href":"https:\/\/www.vilaweb.cat\/botiga\/wp-json\/wp\/v2\/media?parent=2227"}],"wp:term":[{"taxonomy":"product_cat","embeddable":true,"href":"https:\/\/www.vilaweb.cat\/botiga\/wp-json\/wp\/v2\/product_cat?post=2227"},{"taxonomy":"product_tag","embeddable":true,"href":"https:\/\/www.vilaweb.cat\/botiga\/wp-json\/wp\/v2\/product_tag?post=2227"}],"curies":[{"name":"wp","href":"https:\/\/api.w.org\/{rel}","templated":true}]}}