{"id":22192,"date":"2021-12-16T13:00:33","date_gmt":"2021-12-16T12:00:33","guid":{"rendered":"https:\/\/www.vilaweb.cat\/botiga\/?post_type=product&#038;p=22192"},"modified":"2025-01-23T17:45:42","modified_gmt":"2025-01-23T16:45:42","slug":"samarreta-noia-maria-merce-marcal","status":"publish","type":"product","link":"https:\/\/www.vilaweb.cat\/botiga\/producte\/samarreta-noia-maria-merce-marcal\/","title":{"rendered":"Samarreta entallada Maria Merc\u00e8 Mar\u00e7al"},"content":{"rendered":"","protected":false},"excerpt":{"rendered":"<p>Samarreta entallada 100% cot\u00f3. &#8216;L&#8217;escala fosca del desig no t\u00e9 barana&#8217; de Maria Merc\u00e8 Mar\u00e7al, editada per Insensats<\/p>\n<p>&#8220;II&#8221;, de\u00a0<em>Bruixa de dol<\/em>\u00a0(1979)<\/p>\n<p>Il\u00b7lustraci\u00f3 de Marta Gen\u00eds<\/p>\n","protected":false},"featured_media":22198,"template":"","meta":[],"product_cat":[421,284,287],"product_tag":[],"_links":{"self":[{"href":"https:\/\/www.vilaweb.cat\/botiga\/wp-json\/wp\/v2\/product\/22192"}],"collection":[{"href":"https:\/\/www.vilaweb.cat\/botiga\/wp-json\/wp\/v2\/product"}],"about":[{"href":"https:\/\/www.vilaweb.cat\/botiga\/wp-json\/wp\/v2\/types\/product"}],"wp:featuredmedia":[{"embeddable":true,"href":"https:\/\/www.vilaweb.cat\/botiga\/wp-json\/wp\/v2\/media\/22198"}],"wp:attachment":[{"href":"https:\/\/www.vilaweb.cat\/botiga\/wp-json\/wp\/v2\/media?parent=22192"}],"wp:term":[{"taxonomy":"product_cat","embeddable":true,"href":"https:\/\/www.vilaweb.cat\/botiga\/wp-json\/wp\/v2\/product_cat?post=22192"},{"taxonomy":"product_tag","embeddable":true,"href":"https:\/\/www.vilaweb.cat\/botiga\/wp-json\/wp\/v2\/product_tag?post=22192"}],"curies":[{"name":"wp","href":"https:\/\/api.w.org\/{rel}","templated":true}]}}