{"id":22182,"date":"2021-12-16T12:15:40","date_gmt":"2021-12-16T11:15:40","guid":{"rendered":"https:\/\/www.vilaweb.cat\/botiga\/?post_type=product&#038;p=22182"},"modified":"2025-12-12T18:50:08","modified_gmt":"2025-12-12T17:50:08","slug":"tassa-victor-catala","status":"publish","type":"product","link":"https:\/\/www.vilaweb.cat\/botiga\/producte\/tassa-victor-catala\/","title":{"rendered":"Tassa V\u00edctor Catal\u00e0"},"content":{"rendered":"","protected":false},"excerpt":{"rendered":"<p>Tassa &#8216;Havia estat pessigat per l&#8217;escur\u00e7\u00f3 del dolor&#8217;, de V\u00edctor Catal\u00e0, editada per Insensats<\/p>\n<p>Tassa blanca de cer\u00e0mica<br \/>\nCapacitat: 300ml<br \/>\nMides: di\u00e0metre: 8cm, al\u00e7ada: 9.5cm<br \/>\nApta per a microones i rentavaixelles<\/p>\n","protected":false},"featured_media":22185,"template":"","meta":[],"product_cat":[427,79,298],"product_tag":[],"_links":{"self":[{"href":"https:\/\/www.vilaweb.cat\/botiga\/wp-json\/wp\/v2\/product\/22182"}],"collection":[{"href":"https:\/\/www.vilaweb.cat\/botiga\/wp-json\/wp\/v2\/product"}],"about":[{"href":"https:\/\/www.vilaweb.cat\/botiga\/wp-json\/wp\/v2\/types\/product"}],"wp:featuredmedia":[{"embeddable":true,"href":"https:\/\/www.vilaweb.cat\/botiga\/wp-json\/wp\/v2\/media\/22185"}],"wp:attachment":[{"href":"https:\/\/www.vilaweb.cat\/botiga\/wp-json\/wp\/v2\/media?parent=22182"}],"wp:term":[{"taxonomy":"product_cat","embeddable":true,"href":"https:\/\/www.vilaweb.cat\/botiga\/wp-json\/wp\/v2\/product_cat?post=22182"},{"taxonomy":"product_tag","embeddable":true,"href":"https:\/\/www.vilaweb.cat\/botiga\/wp-json\/wp\/v2\/product_tag?post=22182"}],"curies":[{"name":"wp","href":"https:\/\/api.w.org\/{rel}","templated":true}]}}