{"id":21944,"date":"2021-12-07T13:05:12","date_gmt":"2021-12-07T12:05:12","guid":{"rendered":"https:\/\/www.vilaweb.cat\/botiga\/?post_type=product&#038;p=21944"},"modified":"2025-12-20T12:43:14","modified_gmt":"2025-12-20T11:43:14","slug":"ubongo-junior","status":"publish","type":"product","link":"https:\/\/www.vilaweb.cat\/botiga\/producte\/ubongo-junior\/","title":{"rendered":"Ubongo Junior"},"content":{"rendered":"<p>Un joc de trencaclosques trepidants i enginyosos ara carregat d&#8217;animals per als m\u00e9s petits de la casa!<\/p>\n<p>Tots els jugadors intenten posar els animals a la seva plantilla tan de pressa com puguin. El jugador m\u00e9s r\u00e0pid crida &#8220;Ubongo!&#8221; i aix\u00ed es pot quedar algunes gemmes. Per\u00f2 la resta continua jugant: mentre quedi temps en el rellotge de sorra, cada jugador intenta completar la figura de la seva plantilla amb els animals que li corresponguin. Al final de la partida, el jugador amb m\u00e9s gemmes \u00e9s el guanyador!<\/p>\n<p>Amb dos nivells de dificultat, perqu\u00e8 sempre sigui ben entretingut!<\/p>\n<p>Components:<\/p>\n<ul>\n<li>50 plantilles amb 100 trencaclosques diferents<\/li>\n<li>4 conjunts de 9 peces amb animals<\/li>\n<li>72 gemmes, 1 rellotge de sorra i 1 bossa de roba<\/li>\n<\/ul>\n","protected":false},"excerpt":{"rendered":"<p>Un joc de trencaclosques trepidants i enginyosos<\/p>\n<p>A partir de 5 anys<\/p>\n<p>1-4 jugadors<\/p>\n<p>Durada de la partida 20min<\/p>\n","protected":false},"featured_media":21945,"template":"","meta":[],"product_cat":[58],"product_tag":[],"_links":{"self":[{"href":"https:\/\/www.vilaweb.cat\/botiga\/wp-json\/wp\/v2\/product\/21944"}],"collection":[{"href":"https:\/\/www.vilaweb.cat\/botiga\/wp-json\/wp\/v2\/product"}],"about":[{"href":"https:\/\/www.vilaweb.cat\/botiga\/wp-json\/wp\/v2\/types\/product"}],"wp:featuredmedia":[{"embeddable":true,"href":"https:\/\/www.vilaweb.cat\/botiga\/wp-json\/wp\/v2\/media\/21945"}],"wp:attachment":[{"href":"https:\/\/www.vilaweb.cat\/botiga\/wp-json\/wp\/v2\/media?parent=21944"}],"wp:term":[{"taxonomy":"product_cat","embeddable":true,"href":"https:\/\/www.vilaweb.cat\/botiga\/wp-json\/wp\/v2\/product_cat?post=21944"},{"taxonomy":"product_tag","embeddable":true,"href":"https:\/\/www.vilaweb.cat\/botiga\/wp-json\/wp\/v2\/product_tag?post=21944"}],"curies":[{"name":"wp","href":"https:\/\/api.w.org\/{rel}","templated":true}]}}