{"id":21891,"date":"2021-12-02T16:59:46","date_gmt":"2021-12-02T15:59:46","guid":{"rendered":"https:\/\/www.vilaweb.cat\/botiga\/?post_type=product&#038;p=21891"},"modified":"2024-01-05T11:52:38","modified_gmt":"2024-01-05T10:52:38","slug":"cantir-elefas","status":"publish","type":"product","link":"https:\/\/www.vilaweb.cat\/botiga\/producte\/cantir-elefas\/","title":{"rendered":"C\u00e0ntir Elefas"},"content":{"rendered":"<p>El c\u00e0ntir d\u2019enguany, anomenat\u00a0<strong>\u201cElefas\u201d<\/strong>, vol ser, segons ha expressat el dissenyador \u201cun record po\u00e8tic que generi simpatia. Dissenyar un objecte que t\u00e9 milers d&#8217;anys de tradici\u00f3, i que no sigui una mera reproducci\u00f3, \u00e9s atractiu per\u00f2 dif\u00edcil. Dut per la meva passi\u00f3 figurativa vaig pensar en inspirar-me en un animal. A l&#8217;excel\u00b7lent Museu d&#8217;Argentona vaig veure aus, braus, gossos i peixos; antiqu\u00edssims o de Picasso. Ning\u00fa havia pensat en un elefant, tot i que, un cop dissenyat, els responsables del Museu m\u2019adverteixen que al magatzem en guarden un&#8221;.<\/p>\n","protected":false},"excerpt":{"rendered":"<p>El\u00a0<strong>c\u00e0ntir Elefas 2021<\/strong>\u00a0de la\u00a071 Festa del C\u00e0ntir d&#8217;Argentona\u00a0\u00e9s un c\u00e0ntir del prestigi\u00f3s dissenyador\u00a0<strong>Oscar Tusquets Blanca<\/strong>, un dels referents del disseny de casa nostra.<\/p>\n<p>Fet artesanalment de cer\u00e0mica pisa esmaltada. Cada c\u00e0ntir es lliura amb la seva caixa individual personalitzada amb l&#8217;esb\u00f3s original del c\u00e0ntir fet pel propi Tusquets.<\/p>\n","protected":false},"featured_media":21893,"template":"","meta":[],"product_cat":[79,102],"product_tag":[],"_links":{"self":[{"href":"https:\/\/www.vilaweb.cat\/botiga\/wp-json\/wp\/v2\/product\/21891"}],"collection":[{"href":"https:\/\/www.vilaweb.cat\/botiga\/wp-json\/wp\/v2\/product"}],"about":[{"href":"https:\/\/www.vilaweb.cat\/botiga\/wp-json\/wp\/v2\/types\/product"}],"wp:featuredmedia":[{"embeddable":true,"href":"https:\/\/www.vilaweb.cat\/botiga\/wp-json\/wp\/v2\/media\/21893"}],"wp:attachment":[{"href":"https:\/\/www.vilaweb.cat\/botiga\/wp-json\/wp\/v2\/media?parent=21891"}],"wp:term":[{"taxonomy":"product_cat","embeddable":true,"href":"https:\/\/www.vilaweb.cat\/botiga\/wp-json\/wp\/v2\/product_cat?post=21891"},{"taxonomy":"product_tag","embeddable":true,"href":"https:\/\/www.vilaweb.cat\/botiga\/wp-json\/wp\/v2\/product_tag?post=21891"}],"curies":[{"name":"wp","href":"https:\/\/api.w.org\/{rel}","templated":true}]}}