{"id":2102,"date":"2019-02-15T13:52:08","date_gmt":"2019-02-15T12:52:08","guid":{"rendered":"https:\/\/www.vilaweb.cat\/botiga\/?post_type=product&#038;p=2102"},"modified":"2026-03-13T11:35:34","modified_gmt":"2026-03-13T10:35:34","slug":"pin-llac-lila","status":"publish","type":"product","link":"https:\/\/www.vilaweb.cat\/botiga\/producte\/pin-llac-lila\/","title":{"rendered":"Pin lla\u00e7 lila"},"content":{"rendered":"","protected":false},"excerpt":{"rendered":"<p>Pin met\u00e0l\u00b7lic del lla\u00e7 lila, que\u00a0mostra el rebuig de les persones enfront la desigualtat entre homes i dones, viol\u00e8ncia masclista o viol\u00e8ncia de g\u00e8nere. Tot i que cada dia hauria de ser-ho, aquest 8 de Mar\u00e7 (dia de la dona) fem soroll i tenyim les nostres ciutats i pobles de lila!<\/p>\n<p>Mida: 2 x 3cm aprox.<\/p>\n","protected":false},"featured_media":2104,"template":"","meta":[],"product_cat":[62,398],"product_tag":[],"_links":{"self":[{"href":"https:\/\/www.vilaweb.cat\/botiga\/wp-json\/wp\/v2\/product\/2102"}],"collection":[{"href":"https:\/\/www.vilaweb.cat\/botiga\/wp-json\/wp\/v2\/product"}],"about":[{"href":"https:\/\/www.vilaweb.cat\/botiga\/wp-json\/wp\/v2\/types\/product"}],"wp:featuredmedia":[{"embeddable":true,"href":"https:\/\/www.vilaweb.cat\/botiga\/wp-json\/wp\/v2\/media\/2104"}],"wp:attachment":[{"href":"https:\/\/www.vilaweb.cat\/botiga\/wp-json\/wp\/v2\/media?parent=2102"}],"wp:term":[{"taxonomy":"product_cat","embeddable":true,"href":"https:\/\/www.vilaweb.cat\/botiga\/wp-json\/wp\/v2\/product_cat?post=2102"},{"taxonomy":"product_tag","embeddable":true,"href":"https:\/\/www.vilaweb.cat\/botiga\/wp-json\/wp\/v2\/product_tag?post=2102"}],"curies":[{"name":"wp","href":"https:\/\/api.w.org\/{rel}","templated":true}]}}