{"id":21004,"date":"2021-08-25T12:26:14","date_gmt":"2021-08-25T10:26:14","guid":{"rendered":"https:\/\/www.vilaweb.cat\/botiga\/?post_type=product&#038;p=21004"},"modified":"2026-03-06T18:26:53","modified_gmt":"2026-03-06T17:26:53","slug":"salvem-els-mots","status":"publish","type":"product","link":"https:\/\/www.vilaweb.cat\/botiga\/producte\/salvem-els-mots\/","title":{"rendered":"Salvem els mots"},"content":{"rendered":"<p><b>Jordi Badia recull dos-cents mots que estan en perill d&#8217;extinci\u00f3 i que, entre tots, cal que salvem i reivindiquem<\/b><\/p>\n<p>A cal dentista, hi aneu quan teniu una &#8220;dent corcada&#8221; o una &#8220;c\u00e0ries&#8221;? Per assistir a una celebraci\u00f3, &#8220;us arregleu&#8221;, hi aneu &#8220;mudats&#8221; o ben &#8220;empolainats&#8221;? Trobeu que l&#8217;alemany es un idioma &#8220;enrevessat&#8221; o &#8220;complicat&#8221;? La llengua ens ofereix expressions sin\u00f2nimes per a parlar del nostre entorn o de les accions que fem cada dia, per\u00f2 d&#8217;alguns d&#8217;aquests mots n&#8217;abusem i, sense voler, fem que uns altres vagin caient en des\u00fas. I quan un mot o una locuci\u00f3 perden pistonada, tenen molts n\u00fameros d&#8217;extingir-se.<\/p>\n<p>El ling\u00fcista Jordi Badia, amb aquest llibre, vol reivindicar totes aquelles paraules i expressions que actualment s\u00f3n a la corda fluixa perqu\u00e8 han estat arraconades per la pressi\u00f3 del castell\u00e0, o b\u00e9 perqu\u00e8 formes sin\u00f2nimes, sovint no tan precises, n&#8217;han acabat ocupant l&#8217;espai genu\u00ed.<\/p>\n","protected":false},"excerpt":{"rendered":"<p><strong>Jordi Badia i Pujol<\/strong><\/p>\n<p>Agost, 2021<\/p>\n<p>Rosa dels vents<\/p>\n","protected":false},"featured_media":21001,"template":"","meta":[],"product_cat":[18,48,212,321],"product_tag":[],"_links":{"self":[{"href":"https:\/\/www.vilaweb.cat\/botiga\/wp-json\/wp\/v2\/product\/21004"}],"collection":[{"href":"https:\/\/www.vilaweb.cat\/botiga\/wp-json\/wp\/v2\/product"}],"about":[{"href":"https:\/\/www.vilaweb.cat\/botiga\/wp-json\/wp\/v2\/types\/product"}],"wp:featuredmedia":[{"embeddable":true,"href":"https:\/\/www.vilaweb.cat\/botiga\/wp-json\/wp\/v2\/media\/21001"}],"wp:attachment":[{"href":"https:\/\/www.vilaweb.cat\/botiga\/wp-json\/wp\/v2\/media?parent=21004"}],"wp:term":[{"taxonomy":"product_cat","embeddable":true,"href":"https:\/\/www.vilaweb.cat\/botiga\/wp-json\/wp\/v2\/product_cat?post=21004"},{"taxonomy":"product_tag","embeddable":true,"href":"https:\/\/www.vilaweb.cat\/botiga\/wp-json\/wp\/v2\/product_tag?post=21004"}],"curies":[{"name":"wp","href":"https:\/\/api.w.org\/{rel}","templated":true}]}}