{"id":204,"date":"2018-08-03T12:04:41","date_gmt":"2018-08-03T10:04:41","guid":{"rendered":"https:\/\/tww.vilaweb.cat\/botiga\/?post_type=product&#038;p=204"},"modified":"2026-03-07T19:12:39","modified_gmt":"2026-03-07T18:12:39","slug":"bandera-negra","status":"publish","type":"product","link":"https:\/\/www.vilaweb.cat\/botiga\/producte\/bandera-negra\/","title":{"rendered":"Bandera Negra"},"content":{"rendered":"<p>Bandera Negra certificada al Museu d\u2019Hist\u00f2ria de Catalunya, presentada al Museu d\u2019Hist\u00f2ria de Catalunya i aprovada per el vexil\u00b7l\u00f2leg Josep Porter-Moix i el dibuixant de recreaci\u00f3 Hist\u00f2rica Francesc Riart. La bandera porta una Creu en aspa blanca al centre sobre camp negre, amb addici\u00f3 de l\u2019estel de cinc puntes a la banda del pal i alineada en paral\u00b7lel al costat de l\u2019aspa i a l\u2019al\u00e7ada del seu v\u00e8rtex. La Creu que s\u2019inspira en la creu del martiri de santa Eul\u00e0lia, copatrona de Barcelona, i que ja figura en l\u2019estendard hist\u00f2ric que avui tamb\u00e9 han recuperat l\u2019ajuntament de Barcelona i l\u2019associaci\u00f3 de recreaci\u00f3 hist\u00f2rica de la Coronel\u00b7la. El camp negre \u00e9s el mateix de la hist\u00f2rica \u00abBandera Negra\u00bb, senyal que a Catalunya s\u2019ha al\u00e7at en diverses ocasions durant la hist\u00f2ria i que, tot i no representar a cap regiment o instituci\u00f3 militar, ha estat usat per alguna d\u2019aquestes. Gr\u00e0cies al disseny fet servir en ella s\u2019entreveuen dues V, una de Vict\u00f2ria i l\u2019altre de V Votar, a m\u00e9s del lateral on es veu l\u2019estel que t\u00e9 la forma del triangle i l\u2019estel de la bandera independentista. Les mides s\u00f3n: 100 X 70cm i porta betes per lligar als extrems.<\/p>\n","protected":false},"excerpt":{"rendered":"<p>Mides:<\/p>\n<ul>\n<li>Petita: 0.70 x 1m<\/li>\n<li>Gran: 1m x 1,50m<\/li>\n<\/ul>\n","protected":false},"featured_media":206,"template":"","meta":[],"product_cat":[292],"product_tag":[],"_links":{"self":[{"href":"https:\/\/www.vilaweb.cat\/botiga\/wp-json\/wp\/v2\/product\/204"}],"collection":[{"href":"https:\/\/www.vilaweb.cat\/botiga\/wp-json\/wp\/v2\/product"}],"about":[{"href":"https:\/\/www.vilaweb.cat\/botiga\/wp-json\/wp\/v2\/types\/product"}],"wp:featuredmedia":[{"embeddable":true,"href":"https:\/\/www.vilaweb.cat\/botiga\/wp-json\/wp\/v2\/media\/206"}],"wp:attachment":[{"href":"https:\/\/www.vilaweb.cat\/botiga\/wp-json\/wp\/v2\/media?parent=204"}],"wp:term":[{"taxonomy":"product_cat","embeddable":true,"href":"https:\/\/www.vilaweb.cat\/botiga\/wp-json\/wp\/v2\/product_cat?post=204"},{"taxonomy":"product_tag","embeddable":true,"href":"https:\/\/www.vilaweb.cat\/botiga\/wp-json\/wp\/v2\/product_tag?post=204"}],"curies":[{"name":"wp","href":"https:\/\/api.w.org\/{rel}","templated":true}]}}