{"id":17686,"date":"2020-12-18T13:38:11","date_gmt":"2020-12-18T12:38:11","guid":{"rendered":"https:\/\/www.vilaweb.cat\/botiga\/?post_type=product&#038;p=17686"},"modified":"2025-12-26T12:44:54","modified_gmt":"2025-12-26T11:44:54","slug":"carcassonne-junior","status":"publish","type":"product","link":"https:\/\/www.vilaweb.cat\/botiga\/producte\/carcassonne-junior\/","title":{"rendered":"Carcassonne Junior"},"content":{"rendered":"<p>Marco Teubner \u00e9s llicenciat en Estudis Culturals, \u00e9s pare de tres fills i porta m\u00e9s de vint anys com a dissenyador professional de jocs. N&#8217;ha publicat m\u00e9s de setanta, molts dels quals han rebut diverses distincions, entre les quals destaca el premi al Joc Infantil de l&#8217;Any, a Alemanya per <em>Stone Age Junior<\/em>.<\/p>\n","protected":false},"excerpt":{"rendered":"<p><strong>Carcassonne Junior<\/strong> \u00e9s una variant simplificada de <strong>Carcassonne<\/strong>, un joc que ha venut milions d&#8217;exemplars, pensada perqu\u00e8 petits i grans puguin gaudir de la partida. Per\u00f2 aqu\u00ed no es compten punts; aquesta entretinguda competici\u00f3 la guanya qui primer aconsegueixi col\u00b7locar totes les seves figures sobre el terreny.<\/p>\n<ul>\n<li>Components 1 reglament, 32 figures de fusta i 36 peces de terreny<\/li>\n<li>A partir de 4 anys<\/li>\n<li>2 &#8211; 4 jugadors<\/li>\n<li>Partides de 30min. aprox.<\/li>\n<\/ul>\n","protected":false},"featured_media":17687,"template":"","meta":[],"product_cat":[58],"product_tag":[],"_links":{"self":[{"href":"https:\/\/www.vilaweb.cat\/botiga\/wp-json\/wp\/v2\/product\/17686"}],"collection":[{"href":"https:\/\/www.vilaweb.cat\/botiga\/wp-json\/wp\/v2\/product"}],"about":[{"href":"https:\/\/www.vilaweb.cat\/botiga\/wp-json\/wp\/v2\/types\/product"}],"wp:featuredmedia":[{"embeddable":true,"href":"https:\/\/www.vilaweb.cat\/botiga\/wp-json\/wp\/v2\/media\/17687"}],"wp:attachment":[{"href":"https:\/\/www.vilaweb.cat\/botiga\/wp-json\/wp\/v2\/media?parent=17686"}],"wp:term":[{"taxonomy":"product_cat","embeddable":true,"href":"https:\/\/www.vilaweb.cat\/botiga\/wp-json\/wp\/v2\/product_cat?post=17686"},{"taxonomy":"product_tag","embeddable":true,"href":"https:\/\/www.vilaweb.cat\/botiga\/wp-json\/wp\/v2\/product_tag?post=17686"}],"curies":[{"name":"wp","href":"https:\/\/api.w.org\/{rel}","templated":true}]}}