{"id":17301,"date":"2020-12-10T12:31:07","date_gmt":"2020-12-10T11:31:07","guid":{"rendered":"https:\/\/www.vilaweb.cat\/botiga\/?post_type=product&#038;p=17301"},"modified":"2026-02-19T12:24:09","modified_gmt":"2026-02-19T11:24:09","slug":"estoig-leducacio-es-larma-mes-poderosa","status":"publish","type":"product","link":"https:\/\/www.vilaweb.cat\/botiga\/producte\/estoig-leducacio-es-larma-mes-poderosa\/","title":{"rendered":"Estoig L&#8217;educaci\u00f3 \u00e9s l&#8217;arma m\u00e9s poderosa"},"content":{"rendered":"","protected":false},"excerpt":{"rendered":"<p>Estoig L&#8217;educaci\u00f3 \u00e9s l&#8217;arma m\u00e9s poderosa per canviar el m\u00f3n<\/p>\n<div class=\"vc_toggle vc_toggle_arrow vc_toggle_color_black vc_toggle_size_md vc_toggle_active\">\n<div class=\"vc_toggle_content\">\n<p>Mides: 20 x 11,5<br \/>\nGramatge: 400g<br \/>\n100% cot\u00f3 ecol\u00f2gic<\/p>\n<\/div>\n<p>Producte de Faves Comptades<\/p>\n<\/div>\n<div class=\"vc_separator wpb_content_element vc_separator_align_center vc_sep_width_100 vc_sep_border_width_2 vc_sep_pos_align_center vc_separator_no_text vc_sep_color_black\"><\/div>\n","protected":false},"featured_media":37798,"template":"","meta":[],"product_cat":[305,93],"product_tag":[],"_links":{"self":[{"href":"https:\/\/www.vilaweb.cat\/botiga\/wp-json\/wp\/v2\/product\/17301"}],"collection":[{"href":"https:\/\/www.vilaweb.cat\/botiga\/wp-json\/wp\/v2\/product"}],"about":[{"href":"https:\/\/www.vilaweb.cat\/botiga\/wp-json\/wp\/v2\/types\/product"}],"wp:featuredmedia":[{"embeddable":true,"href":"https:\/\/www.vilaweb.cat\/botiga\/wp-json\/wp\/v2\/media\/37798"}],"wp:attachment":[{"href":"https:\/\/www.vilaweb.cat\/botiga\/wp-json\/wp\/v2\/media?parent=17301"}],"wp:term":[{"taxonomy":"product_cat","embeddable":true,"href":"https:\/\/www.vilaweb.cat\/botiga\/wp-json\/wp\/v2\/product_cat?post=17301"},{"taxonomy":"product_tag","embeddable":true,"href":"https:\/\/www.vilaweb.cat\/botiga\/wp-json\/wp\/v2\/product_tag?post=17301"}],"curies":[{"name":"wp","href":"https:\/\/api.w.org\/{rel}","templated":true}]}}