{"id":16549,"date":"2020-11-09T17:26:15","date_gmt":"2020-11-09T16:26:15","guid":{"rendered":"https:\/\/www.vilaweb.cat\/botiga\/?post_type=product&#038;p=16549"},"modified":"2025-12-18T12:50:52","modified_gmt":"2025-12-18T11:50:52","slug":"vilaweb-llibre-destil","status":"publish","type":"product","link":"https:\/\/www.vilaweb.cat\/botiga\/producte\/vilaweb-llibre-destil\/","title":{"rendered":"VilaWeb. Llibre d&#8217;estil"},"content":{"rendered":"<p>El llibre d&#8217;estil de VilaWeb es fonamenta en la proposta de fer servir per a la comunicaci\u00f3 una llengua clara, feta d&#8217;ordre, de precisi\u00f3, de concisi\u00f3 i de genu\u00efnitat.<\/p>\n<p>Aquest llibre presenta la llengua period\u00edstica d&#8217;\u00fas habitual del diari i alhora vol contribuir a bastir un model de refer\u00e8ncia modern nacional, i no pas regional, que pugui adre\u00e7ar-se als lectors de tots els Pa\u00efsos Catalans.<\/p>\n<p>Sense voler \u00e9sser un tractat gramatical, cerca i exposa solucions d&#8217;aspectes especialment vulnerables, i vulnerats, o confusos, sempre amb el prop\u00f2sit de seguir i prosseguir el model fabri\u00e0 sense ren\u00fancies ni servilismes de cap mena.<\/p>\n","protected":false},"excerpt":{"rendered":"<p><strong>Apunts d&#8217;estil a \u00fas de VilaWeb<\/strong><\/p>\n<p>Edicions de 1984<\/p>\n","protected":false},"featured_media":16550,"template":"","meta":[],"product_cat":[48,321,18,212],"product_tag":[],"_links":{"self":[{"href":"https:\/\/www.vilaweb.cat\/botiga\/wp-json\/wp\/v2\/product\/16549"}],"collection":[{"href":"https:\/\/www.vilaweb.cat\/botiga\/wp-json\/wp\/v2\/product"}],"about":[{"href":"https:\/\/www.vilaweb.cat\/botiga\/wp-json\/wp\/v2\/types\/product"}],"wp:featuredmedia":[{"embeddable":true,"href":"https:\/\/www.vilaweb.cat\/botiga\/wp-json\/wp\/v2\/media\/16550"}],"wp:attachment":[{"href":"https:\/\/www.vilaweb.cat\/botiga\/wp-json\/wp\/v2\/media?parent=16549"}],"wp:term":[{"taxonomy":"product_cat","embeddable":true,"href":"https:\/\/www.vilaweb.cat\/botiga\/wp-json\/wp\/v2\/product_cat?post=16549"},{"taxonomy":"product_tag","embeddable":true,"href":"https:\/\/www.vilaweb.cat\/botiga\/wp-json\/wp\/v2\/product_tag?post=16549"}],"curies":[{"name":"wp","href":"https:\/\/api.w.org\/{rel}","templated":true}]}}