{"id":16375,"date":"2020-10-30T15:05:20","date_gmt":"2020-10-30T14:05:20","guid":{"rendered":"https:\/\/www.vilaweb.cat\/botiga\/?post_type=product&#038;p=16375"},"modified":"2026-01-27T13:35:46","modified_gmt":"2026-01-27T12:35:46","slug":"la-familia-hort-prevenda","status":"publish","type":"product","link":"https:\/\/www.vilaweb.cat\/botiga\/producte\/la-familia-hort-prevenda\/","title":{"rendered":"La Fam\u00edlia Hort"},"content":{"rendered":"<p>La Fam\u00edlia Hort \u00e9s un\u00a0<strong>senzill joc de gesti\u00f3 de recursos<\/strong>\u00a0tan estrat\u00e8gic com accessible per a tots els tipus de p\u00fablics! Els jugadors hauran de plantar hortalisses, flors carn\u00edvores o mandr\u00e0gores. Regaran i utilitzaran adob, compraran animals i tractaran de vendre els productes al millor preu.<\/p>\n<p><strong>El joc cont\u00e9:<\/strong>\u00a04 taulers diferents amb 2 cares; 41 fitxes de cultius, utensilis i animals; 6 targetes de ronda; 64 comptadors d\u2019aigua i d\u2019adob; 48 monedes; 4 marcadors d\u2019experi\u00e8ncia; reglament triling\u00fce.<\/p>\n<p>Un joc de Ramiro Merinero amb il\u00b7lustracions d\u2019Esther M\u00e9ndez. Dels creadors de La Fallera Calavera.<\/p>\n","protected":false},"excerpt":{"rendered":"<p>En una exc\u00e8ntrica fam\u00edlia de llauradors, quatre nets lluiten per heretar les terres de la seua iaia fantasma.<\/p>\n<ul>\n<li>A partir de 8 anys<\/li>\n<li>2-4 jugadors<\/li>\n<li>Durada partida: 40 min.<\/li>\n<\/ul>\n<p>&nbsp;<\/p>\n","protected":false},"featured_media":17363,"template":"","meta":[],"product_cat":[59],"product_tag":[],"_links":{"self":[{"href":"https:\/\/www.vilaweb.cat\/botiga\/wp-json\/wp\/v2\/product\/16375"}],"collection":[{"href":"https:\/\/www.vilaweb.cat\/botiga\/wp-json\/wp\/v2\/product"}],"about":[{"href":"https:\/\/www.vilaweb.cat\/botiga\/wp-json\/wp\/v2\/types\/product"}],"wp:featuredmedia":[{"embeddable":true,"href":"https:\/\/www.vilaweb.cat\/botiga\/wp-json\/wp\/v2\/media\/17363"}],"wp:attachment":[{"href":"https:\/\/www.vilaweb.cat\/botiga\/wp-json\/wp\/v2\/media?parent=16375"}],"wp:term":[{"taxonomy":"product_cat","embeddable":true,"href":"https:\/\/www.vilaweb.cat\/botiga\/wp-json\/wp\/v2\/product_cat?post=16375"},{"taxonomy":"product_tag","embeddable":true,"href":"https:\/\/www.vilaweb.cat\/botiga\/wp-json\/wp\/v2\/product_tag?post=16375"}],"curies":[{"name":"wp","href":"https:\/\/api.w.org\/{rel}","templated":true}]}}