{"id":1594,"date":"2018-12-05T18:18:25","date_gmt":"2018-12-05T17:18:25","guid":{"rendered":"https:\/\/www.vilaweb.cat\/botiga\/?post_type=product&#038;p=1594"},"modified":"2026-01-16T18:29:55","modified_gmt":"2026-01-16T17:29:55","slug":"fent-pais-xec-groc","status":"publish","type":"product","link":"https:\/\/www.vilaweb.cat\/botiga\/producte\/fent-pais-xec-groc\/","title":{"rendered":"Fent Pa\u00eds &#8211; Experi\u00e8ncies \u00faniques"},"content":{"rendered":"<p>La guia regal \u00a0Fent Pa\u00eds\u00a0cont\u00e9 un recull d&#8217;experi\u00e8ncies per regalar i descobrir el pa\u00eds des de l&#8217;autenticitat, el respecte i l&#8217;estima (www.fentpais.cat).<\/p>\n<div>Com funciona el\u00a0xec<strong>\u00a0<\/strong>regal? Posem el cas que et regalen el xec regal a tu:<\/div>\n<div>1- Tria una experi\u00e8ncia: Escull una experi\u00e8ncia de la guia en funci\u00f3 del color del xec que t&#8217;han regalat.<\/div>\n<div>2- Reserva: Contacta amb l&#8217;empresa i reserva directament l&#8217;experi\u00e8ncia que hagis escollit.<\/div>\n<div>3- Gaudeix-ne: Entregant el xec regal el dia que gaudeixis de l&#8217;experi\u00e8ncia.<\/div>\n<div><\/div>\n<div>Valides d&#8217;un any a partir de la compra amb possibilitat d&#8217;ampliaci\u00f3.<\/div>\n","protected":false},"excerpt":{"rendered":"<p>EXPERI\u00c8NCIES \u00daNIQUES<\/p>\n<p>Per a 1 o 2 persones<\/p>\n<p>110 experi\u00e8ncies a Catalunya:<\/p>\n<ul>\n<li>\u00c0pats i men\u00fas gastron\u00f2mics<\/li>\n<li>Nits en hostals i albergs<\/li>\n<li>Spas i sessions de benestar<\/li>\n<li>Visites a cellers hist\u00f2rics<\/li>\n<li>i molt m\u00e9s!<\/li>\n<\/ul>\n","protected":false},"featured_media":1592,"template":"","meta":[],"product_cat":[103],"product_tag":[],"_links":{"self":[{"href":"https:\/\/www.vilaweb.cat\/botiga\/wp-json\/wp\/v2\/product\/1594"}],"collection":[{"href":"https:\/\/www.vilaweb.cat\/botiga\/wp-json\/wp\/v2\/product"}],"about":[{"href":"https:\/\/www.vilaweb.cat\/botiga\/wp-json\/wp\/v2\/types\/product"}],"wp:featuredmedia":[{"embeddable":true,"href":"https:\/\/www.vilaweb.cat\/botiga\/wp-json\/wp\/v2\/media\/1592"}],"wp:attachment":[{"href":"https:\/\/www.vilaweb.cat\/botiga\/wp-json\/wp\/v2\/media?parent=1594"}],"wp:term":[{"taxonomy":"product_cat","embeddable":true,"href":"https:\/\/www.vilaweb.cat\/botiga\/wp-json\/wp\/v2\/product_cat?post=1594"},{"taxonomy":"product_tag","embeddable":true,"href":"https:\/\/www.vilaweb.cat\/botiga\/wp-json\/wp\/v2\/product_tag?post=1594"}],"curies":[{"name":"wp","href":"https:\/\/api.w.org\/{rel}","templated":true}]}}