{"id":15760,"date":"2020-09-17T16:19:47","date_gmt":"2020-09-17T14:19:47","guid":{"rendered":"https:\/\/www.vilaweb.cat\/botiga\/?post_type=product&#038;p=15760"},"modified":"2025-10-04T15:24:03","modified_gmt":"2025-10-04T13:24:03","slug":"puzle-on-es-lestellac-diari-del-confinament","status":"publish","type":"product","link":"https:\/\/www.vilaweb.cat\/botiga\/producte\/puzle-on-es-lestellac-diari-del-confinament\/","title":{"rendered":"Puzle On \u00e9s l&#8217;Estel\u00b7la? Diari del confinament"},"content":{"rendered":"<p>Hola! Soc l\u2019Estel\u00b7la, la vostra amiga que no para quieta i s\u2019amaga entre tota mena de multituds. El 2020 ha estat un any de poques aglomeracions, hem hagut de mantenir moltes dist\u00e0ncies i fer bondat per lluitar contra un virus molt malxinat. Per\u00f2 dels pitjors moments tamb\u00e9 en podem treure an\u00e8cdotes per somriure, aix\u00f2 fa salut, i aqu\u00ed se\u2019n recullen una bona colla que tots hem viscut durant aquests mesos.<br \/>\nAtreviu-vos a completar el trencaclosques de les meves mem\u00f2ries de confinament! Pot ser que ja em coneixeu dels llibres<a href=\"https:\/\/www.vilaweb.cat\/botiga\/producte\/on-es-lestella\/\"><em> On \u00e9s l\u2019Estel\u00b7la?<\/em><\/a> i <a href=\"https:\/\/www.vilaweb.cat\/botiga\/producte\/on-es-lestella-festes-i-tradicions-catalanes\/\"><em>On \u00e9s l\u2019Estel\u00b7la? Festes i tradicions catalanes<\/em><\/a>. Ens ho vam passar tan b\u00e9, en aquelles aventures, i ja tenia ganes de tornar a jugar amb vosaltres!<\/p>\n","protected":false},"excerpt":{"rendered":"<p>Toni Galm\u00e9s i Comanegra<br \/>\n200 peces. 61x38cm. A partir de 6 anys<\/p>\n<p>Puzle d\u2019una l\u00e0mina exclusiva amb un munt d\u2019an\u00e8cdotes del confinament en clau d\u2019humor.<br \/>\nInclou el \u201cDiari de l\u2019Estel\u00b7la\u201d, amb reflexions i an\u00e8cdotes passades, i un p\u00f2ster.<\/p>\n","protected":false},"featured_media":15761,"template":"","meta":[],"product_cat":[58,421],"product_tag":[],"_links":{"self":[{"href":"https:\/\/www.vilaweb.cat\/botiga\/wp-json\/wp\/v2\/product\/15760"}],"collection":[{"href":"https:\/\/www.vilaweb.cat\/botiga\/wp-json\/wp\/v2\/product"}],"about":[{"href":"https:\/\/www.vilaweb.cat\/botiga\/wp-json\/wp\/v2\/types\/product"}],"wp:featuredmedia":[{"embeddable":true,"href":"https:\/\/www.vilaweb.cat\/botiga\/wp-json\/wp\/v2\/media\/15761"}],"wp:attachment":[{"href":"https:\/\/www.vilaweb.cat\/botiga\/wp-json\/wp\/v2\/media?parent=15760"}],"wp:term":[{"taxonomy":"product_cat","embeddable":true,"href":"https:\/\/www.vilaweb.cat\/botiga\/wp-json\/wp\/v2\/product_cat?post=15760"},{"taxonomy":"product_tag","embeddable":true,"href":"https:\/\/www.vilaweb.cat\/botiga\/wp-json\/wp\/v2\/product_tag?post=15760"}],"curies":[{"name":"wp","href":"https:\/\/api.w.org\/{rel}","templated":true}]}}