{"id":15343,"date":"2019-08-25T17:20:51","date_gmt":"2019-08-25T15:20:51","guid":{"rendered":"https:\/\/www.vilaweb.cat\/botiga\/?post_type=product&#038;p=15343"},"modified":"2025-11-27T18:57:24","modified_gmt":"2025-11-27T17:57:24","slug":"adhesiu-simbol-feminista","status":"publish","type":"product","link":"https:\/\/www.vilaweb.cat\/botiga\/producte\/adhesiu-simbol-feminista\/","title":{"rendered":"Adhesiu S\u00edmbol feminista"},"content":{"rendered":"","protected":false},"excerpt":{"rendered":"<p>Adhesiu pl\u00e0stic de PVC &#8220;S\u00edmbol feminista&#8221; de 7cm d&#8217;al\u00e7ada.<\/p>\n","protected":false},"featured_media":15345,"template":"","meta":[],"product_cat":[297,62],"product_tag":[],"_links":{"self":[{"href":"https:\/\/www.vilaweb.cat\/botiga\/wp-json\/wp\/v2\/product\/15343"}],"collection":[{"href":"https:\/\/www.vilaweb.cat\/botiga\/wp-json\/wp\/v2\/product"}],"about":[{"href":"https:\/\/www.vilaweb.cat\/botiga\/wp-json\/wp\/v2\/types\/product"}],"wp:featuredmedia":[{"embeddable":true,"href":"https:\/\/www.vilaweb.cat\/botiga\/wp-json\/wp\/v2\/media\/15345"}],"wp:attachment":[{"href":"https:\/\/www.vilaweb.cat\/botiga\/wp-json\/wp\/v2\/media?parent=15343"}],"wp:term":[{"taxonomy":"product_cat","embeddable":true,"href":"https:\/\/www.vilaweb.cat\/botiga\/wp-json\/wp\/v2\/product_cat?post=15343"},{"taxonomy":"product_tag","embeddable":true,"href":"https:\/\/www.vilaweb.cat\/botiga\/wp-json\/wp\/v2\/product_tag?post=15343"}],"curies":[{"name":"wp","href":"https:\/\/api.w.org\/{rel}","templated":true}]}}