{"id":153,"date":"2018-08-01T14:10:30","date_gmt":"2018-08-01T12:10:30","guid":{"rendered":"http:\/\/tbotiga.vilaweb.cat\/botiga\/?post_type=product&#038;p=153"},"modified":"2026-03-19T10:51:17","modified_gmt":"2026-03-19T09:51:17","slug":"nou-homenatge-a-catalunya","status":"publish","type":"product","link":"https:\/\/www.vilaweb.cat\/botiga\/producte\/nou-homenatge-a-catalunya\/","title":{"rendered":"Nou homenatge a Catalunya"},"content":{"rendered":"<p>En aquesta obra, que publica Ara Llibres, Partal hi barreja la cr\u00f2nica period\u00edstica dels fets que van dur a la proclamaci\u00f3 de la Rep\u00fablica Catalana amb l\u2019an\u00e0lisi per a veure com s\u2019hi va arribar i quin factors han fet possible la revoluci\u00f3 democr\u00e0tica sobiranista.<\/p>\n<p>El volum inclou detalls fins ara desconeguts de tot all\u00f2 que va passar en les setmanes que van dels atemptats de Barcelona i Cambrils a les eleccions del 21-D, per\u00f2 tamb\u00e9 des de la proclamaci\u00f3 del president Puigdemont. L\u2019autor se situa ell mateix dins la cr\u00f2nica period\u00edstica i explica les complicades giragonses que es van viure des de l\u2019inici del colp d\u2019estat, el 20 de setembre, fins a l\u2019arribada d\u2019alguns membres del govern a Brussel\u00b7les i l\u2019aplicaci\u00f3 de l\u2019article 155 per l\u2019estat espanyol.<\/p>\n<p>El llibre va m\u00e9s enll\u00e0 de la simple cr\u00f2nica period\u00edstica i analitza en una extensa segona part els mecanismes que han dut el sobiranisme a assolir la majoria social i pol\u00edtica al Principat. La reflexi\u00f3 sobre tot all\u00f2 que ha passat en la darrera d\u00e8cada dibuixa un per\u00edode d\u2019una intensitat pol\u00edtica extraordin\u00e0ria, que el director de VilaWeb vincula amb un fil hist\u00f2ric a la Catalunya rebel que George Orwell va retratar ara fa just vuitanta anys.<\/p>\n","protected":false},"excerpt":{"rendered":"<p>Vicent Partal<\/p>\n<p>* Si tens inter\u00e8s en que el llibre sigui dedicat per l&#8217;autor has d&#8217;anar al camp &#8220;Observacions&#8221; de la comanda i indicar a quin nom vols que es dediqui.<\/p>\n","protected":false},"featured_media":154,"template":"","meta":[],"product_cat":[18,42,212,321],"product_tag":[],"_links":{"self":[{"href":"https:\/\/www.vilaweb.cat\/botiga\/wp-json\/wp\/v2\/product\/153"}],"collection":[{"href":"https:\/\/www.vilaweb.cat\/botiga\/wp-json\/wp\/v2\/product"}],"about":[{"href":"https:\/\/www.vilaweb.cat\/botiga\/wp-json\/wp\/v2\/types\/product"}],"wp:featuredmedia":[{"embeddable":true,"href":"https:\/\/www.vilaweb.cat\/botiga\/wp-json\/wp\/v2\/media\/154"}],"wp:attachment":[{"href":"https:\/\/www.vilaweb.cat\/botiga\/wp-json\/wp\/v2\/media?parent=153"}],"wp:term":[{"taxonomy":"product_cat","embeddable":true,"href":"https:\/\/www.vilaweb.cat\/botiga\/wp-json\/wp\/v2\/product_cat?post=153"},{"taxonomy":"product_tag","embeddable":true,"href":"https:\/\/www.vilaweb.cat\/botiga\/wp-json\/wp\/v2\/product_tag?post=153"}],"curies":[{"name":"wp","href":"https:\/\/api.w.org\/{rel}","templated":true}]}}