{"id":14621,"date":"2019-06-15T11:51:26","date_gmt":"2019-06-15T09:51:26","guid":{"rendered":"https:\/\/www.vilaweb.cat\/botiga\/?post_type=product&#038;p=14621"},"modified":"2026-03-04T10:45:19","modified_gmt":"2026-03-04T09:45:19","slug":"pin-rodo-ppcc","status":"publish","type":"product","link":"https:\/\/www.vilaweb.cat\/botiga\/producte\/pin-rodo-ppcc\/","title":{"rendered":"Pin rod\u00f3 PPCC"},"content":{"rendered":"","protected":false},"excerpt":{"rendered":"<p>Pin rod\u00f3 amb el mapa dels Pa\u00efsos Catalans.<\/p>\n<p>Mida model petit 1,5 cm de di\u00e0metre.<\/p>\n<p>Mida model gran 2 cm de di\u00e0metre.<\/p>\n<p>Fets artesanalment amb resina per M\u00f3n de Mones.<\/p>\n","protected":false},"featured_media":14649,"template":"","meta":[],"product_cat":[62,398],"product_tag":[],"_links":{"self":[{"href":"https:\/\/www.vilaweb.cat\/botiga\/wp-json\/wp\/v2\/product\/14621"}],"collection":[{"href":"https:\/\/www.vilaweb.cat\/botiga\/wp-json\/wp\/v2\/product"}],"about":[{"href":"https:\/\/www.vilaweb.cat\/botiga\/wp-json\/wp\/v2\/types\/product"}],"wp:featuredmedia":[{"embeddable":true,"href":"https:\/\/www.vilaweb.cat\/botiga\/wp-json\/wp\/v2\/media\/14649"}],"wp:attachment":[{"href":"https:\/\/www.vilaweb.cat\/botiga\/wp-json\/wp\/v2\/media?parent=14621"}],"wp:term":[{"taxonomy":"product_cat","embeddable":true,"href":"https:\/\/www.vilaweb.cat\/botiga\/wp-json\/wp\/v2\/product_cat?post=14621"},{"taxonomy":"product_tag","embeddable":true,"href":"https:\/\/www.vilaweb.cat\/botiga\/wp-json\/wp\/v2\/product_tag?post=14621"}],"curies":[{"name":"wp","href":"https:\/\/api.w.org\/{rel}","templated":true}]}}