{"id":13759,"date":"2020-01-30T13:22:21","date_gmt":"2020-01-30T12:22:21","guid":{"rendered":"https:\/\/www.vilaweb.cat\/botiga\/?post_type=product&#038;p=13759"},"modified":"2026-01-16T19:22:56","modified_gmt":"2026-01-16T18:22:56","slug":"guillem","status":"publish","type":"product","link":"https:\/\/www.vilaweb.cat\/botiga\/producte\/guillem\/","title":{"rendered":"Guillem"},"content":{"rendered":"<p><strong>Guillem Agull\u00f3 i Salvador va ser assassinat a Montanejos (Alt Millars) la matinada de l&#8217;11 d&#8217;abril del 1993. Era nedador. Antifeixista. Antiracista. Independentista. Tenia divuit anys.<\/strong><\/p>\n<p><strong>El cas va sotragar i marcar una generaci\u00f3 sencera de joves.<\/strong><\/p>\n<p><strong>Guillem Agull\u00f3 ha esdevingut un s\u00edmbol de llibertat.<\/strong><\/p>\n<p>L&#8217;assassinat de Guillem Agull\u00f3 \u00e9s un esgarrif\u00f3s exemple de la impunitat amb qu\u00e8 actua el feixisme, sota la protecci\u00f3 de les forces polic\u00edaques i del sistema judicial, i amb la vergonyosa complicitat d&#8217;una premsa capa\u00e7 de manipular la realitat fins a l&#8217;extrem de presentar la v\u00edctima com a botx\u00ed. Aquesta novel\u00b7la documental ens submergeix en una Val\u00e8ncia amb urpes, &#8220;on les h\u00f2sties volen com si fossin part del decorat&#8221;, i denuncia l&#8217;intent de soterrar viva una fam\u00edlia. Assetjant-los. Calumniant-los. Posant-los a la diana del seu odi amb pintades als carrers i pancartes de &#8220;Guillem, j\u00f3dete&#8221; als estadis de futbol. No ho van aconseguir.<\/p>\n<p>N\u00faria Cadenes, amb un estil depurat i contingut, s&#8217;ha immers en el sumari del cas, en els diaris de l&#8217;\u00e8poca, en els records de la fam\u00edlia i amics del Guillem i fins i tot en el seu propi passat per mesurar la dist\u00e0ncia que hi ha entre la paraula <em>injust\u00edcia<\/em> i la paraula <em>dignitat.<\/em> Ni oblit ni perd\u00f3.<\/p>\n","protected":false},"excerpt":{"rendered":"<p><b>Qu\u00e8 n&#8217;han dit?<\/b><\/p>\n<p><span style=\"font-weight: 400;\">\u00abHe llegit un llibre extraordinari. Molt ben estructurat, molt ben explicat i est\u00e0 molt ben escrit. La N\u00faria Cadenes \u00e9s una de les grans escriptores de casa nostra.\u00bb \u2014Anna Guitart<\/span><\/p>\n<p><span style=\"font-weight: 400;\">\u00abN\u00faria Cadenes t\u00e9 el talent de les grans plomes.\u00bb \u2014Albert Forns<\/span><\/p>\n<p><span style=\"font-weight: 400;\">\u00abQue a la literatura del teu pa\u00eds hi llampeguegi una autorassa com N\u00faria Cadenes \u00e9s que els feixistes no ens han ven\u00e7ut, Guillem. No podran.\u00bb \u2014Gemma Ruiz<\/span><\/p>\n<p><span style=\"font-weight: 400;\">\u00abEl que ha fet N\u00faria Cadenes \u00e9s una meravella.\u00bb \u2014Pere Francesch Rom<\/span><\/p>\n<p><span style=\"font-weight: 400;\">\u00ab\u00c9s una novel\u00b7la d&#8217;aquelles que obres a mig mat\u00ed i et segresta els ulls fins a l&#8217;hora de dinar. No pots deixar-la i \u00e9s una pe\u00e7a liter\u00e0ria de primera magnitud.\u00bb \u2014M\u00e0rius Serra<\/span><\/p>\n<p><span style=\"font-weight: 400;\">\u00abN\u00faria Cadenes ha escrit un tros de llibre.\u00bb \u2014Albert Om<\/span><\/p>\n<p><span style=\"font-weight: 400;\">\u00abMeravell\u00f3s. Necessari. Exercici literari de nivell.\u00bb \u2014Pepa Ferrer<\/span><\/p>\n<p><span style=\"font-weight: 400;\">\u00abGr\u00e0cies, N\u00faria, per aquest llibre imprescindible.\u00bb \u2014Gemma Pasqual<\/span><\/p>\n<p><span style=\"font-weight: 400;\">Any d\u2019edici\u00f3: 2020<\/span><\/p>\n<p><span style=\"font-weight: 400;\">Idioma: catal\u00e0<\/span><\/p>\n<p><span style=\"font-weight: 400;\">N\u00fam. de p\u00e0gines: 184<\/span><\/p>\n<p><span style=\"font-weight: 400;\">ISBN:<\/span> <span style=\"font-weight: 400;\">9788417918194<\/span><\/p>\n<p><span style=\"font-weight: 400;\">Enquadernaci\u00f3: r\u00fastica<\/span><\/p>\n<p>&nbsp;<\/p>\n<p>&nbsp;<\/p>\n","protected":false},"featured_media":13761,"template":"","meta":[],"product_cat":[427,18,49,45],"product_tag":[],"_links":{"self":[{"href":"https:\/\/www.vilaweb.cat\/botiga\/wp-json\/wp\/v2\/product\/13759"}],"collection":[{"href":"https:\/\/www.vilaweb.cat\/botiga\/wp-json\/wp\/v2\/product"}],"about":[{"href":"https:\/\/www.vilaweb.cat\/botiga\/wp-json\/wp\/v2\/types\/product"}],"wp:featuredmedia":[{"embeddable":true,"href":"https:\/\/www.vilaweb.cat\/botiga\/wp-json\/wp\/v2\/media\/13761"}],"wp:attachment":[{"href":"https:\/\/www.vilaweb.cat\/botiga\/wp-json\/wp\/v2\/media?parent=13759"}],"wp:term":[{"taxonomy":"product_cat","embeddable":true,"href":"https:\/\/www.vilaweb.cat\/botiga\/wp-json\/wp\/v2\/product_cat?post=13759"},{"taxonomy":"product_tag","embeddable":true,"href":"https:\/\/www.vilaweb.cat\/botiga\/wp-json\/wp\/v2\/product_tag?post=13759"}],"curies":[{"name":"wp","href":"https:\/\/api.w.org\/{rel}","templated":true}]}}