{"id":1274,"date":"2018-11-23T15:56:08","date_gmt":"2018-11-23T14:56:08","guid":{"rendered":"https:\/\/www.vilaweb.cat\/botiga\/?post_type=product&#038;p=1274"},"modified":"2025-12-19T12:13:50","modified_gmt":"2025-12-19T11:13:50","slug":"xapa-llac-groc","status":"publish","type":"product","link":"https:\/\/www.vilaweb.cat\/botiga\/producte\/xapa-llac-groc\/","title":{"rendered":"Xapa Lla\u00e7 groc"},"content":{"rendered":"","protected":false},"excerpt":{"rendered":"<p>Xapa amb el lla\u00e7 groc, de 4cm de di\u00e0metre.<\/p>\n","protected":false},"featured_media":1275,"template":"","meta":[],"product_cat":[398,62],"product_tag":[],"_links":{"self":[{"href":"https:\/\/www.vilaweb.cat\/botiga\/wp-json\/wp\/v2\/product\/1274"}],"collection":[{"href":"https:\/\/www.vilaweb.cat\/botiga\/wp-json\/wp\/v2\/product"}],"about":[{"href":"https:\/\/www.vilaweb.cat\/botiga\/wp-json\/wp\/v2\/types\/product"}],"wp:featuredmedia":[{"embeddable":true,"href":"https:\/\/www.vilaweb.cat\/botiga\/wp-json\/wp\/v2\/media\/1275"}],"wp:attachment":[{"href":"https:\/\/www.vilaweb.cat\/botiga\/wp-json\/wp\/v2\/media?parent=1274"}],"wp:term":[{"taxonomy":"product_cat","embeddable":true,"href":"https:\/\/www.vilaweb.cat\/botiga\/wp-json\/wp\/v2\/product_cat?post=1274"},{"taxonomy":"product_tag","embeddable":true,"href":"https:\/\/www.vilaweb.cat\/botiga\/wp-json\/wp\/v2\/product_tag?post=1274"}],"curies":[{"name":"wp","href":"https:\/\/api.w.org\/{rel}","templated":true}]}}