{"id":11805,"date":"2019-12-04T12:56:54","date_gmt":"2019-12-04T11:56:54","guid":{"rendered":"https:\/\/www.vilaweb.cat\/botiga\/?post_type=product&#038;p=11805"},"modified":"2026-03-06T16:24:58","modified_gmt":"2026-03-06T15:24:58","slug":"caganer-saltador","status":"publish","type":"product","link":"https:\/\/www.vilaweb.cat\/botiga\/producte\/caganer-saltador\/","title":{"rendered":"Caganer saltador"},"content":{"rendered":"","protected":false},"excerpt":{"rendered":"<p>El caganer m\u00e9s irreverent del pessebre.<\/p>\n<p>Amagat a un rac\u00f3, darrere d&#8217;un arbust, ajupit i en postura d&#8217;estar defecant&#8230; per\u00f2 aquest, t\u00e9 el culet net!<\/p>\n<p>Caganer de pl\u00e0stic de 6 cm que fa tombarelles quan li dones corda.<\/p>\n","protected":false},"featured_media":12107,"template":"","meta":[],"product_cat":[297,102,165],"product_tag":[],"_links":{"self":[{"href":"https:\/\/www.vilaweb.cat\/botiga\/wp-json\/wp\/v2\/product\/11805"}],"collection":[{"href":"https:\/\/www.vilaweb.cat\/botiga\/wp-json\/wp\/v2\/product"}],"about":[{"href":"https:\/\/www.vilaweb.cat\/botiga\/wp-json\/wp\/v2\/types\/product"}],"wp:featuredmedia":[{"embeddable":true,"href":"https:\/\/www.vilaweb.cat\/botiga\/wp-json\/wp\/v2\/media\/12107"}],"wp:attachment":[{"href":"https:\/\/www.vilaweb.cat\/botiga\/wp-json\/wp\/v2\/media?parent=11805"}],"wp:term":[{"taxonomy":"product_cat","embeddable":true,"href":"https:\/\/www.vilaweb.cat\/botiga\/wp-json\/wp\/v2\/product_cat?post=11805"},{"taxonomy":"product_tag","embeddable":true,"href":"https:\/\/www.vilaweb.cat\/botiga\/wp-json\/wp\/v2\/product_tag?post=11805"}],"curies":[{"name":"wp","href":"https:\/\/api.w.org\/{rel}","templated":true}]}}