{"id":11775,"date":"2019-12-03T18:34:17","date_gmt":"2019-12-03T17:34:17","guid":{"rendered":"https:\/\/www.vilaweb.cat\/botiga\/?post_type=product&#038;p=11775"},"modified":"2026-04-12T13:42:01","modified_gmt":"2026-04-12T11:42:01","slug":"caixa-de-musica-en-jan-petit","status":"publish","type":"product","link":"https:\/\/www.vilaweb.cat\/botiga\/producte\/caixa-de-musica-en-jan-petit\/","title":{"rendered":"Capsa de m\u00fasica &#8211; En Jan Petit"},"content":{"rendered":"","protected":false},"excerpt":{"rendered":"<p>Caixa de m\u00fasica de la popular can\u00e7\u00f3 <em>En jan petit.<\/em><\/p>\n","protected":false},"featured_media":17315,"template":"","meta":[],"product_cat":[308,102],"product_tag":[],"_links":{"self":[{"href":"https:\/\/www.vilaweb.cat\/botiga\/wp-json\/wp\/v2\/product\/11775"}],"collection":[{"href":"https:\/\/www.vilaweb.cat\/botiga\/wp-json\/wp\/v2\/product"}],"about":[{"href":"https:\/\/www.vilaweb.cat\/botiga\/wp-json\/wp\/v2\/types\/product"}],"wp:featuredmedia":[{"embeddable":true,"href":"https:\/\/www.vilaweb.cat\/botiga\/wp-json\/wp\/v2\/media\/17315"}],"wp:attachment":[{"href":"https:\/\/www.vilaweb.cat\/botiga\/wp-json\/wp\/v2\/media?parent=11775"}],"wp:term":[{"taxonomy":"product_cat","embeddable":true,"href":"https:\/\/www.vilaweb.cat\/botiga\/wp-json\/wp\/v2\/product_cat?post=11775"},{"taxonomy":"product_tag","embeddable":true,"href":"https:\/\/www.vilaweb.cat\/botiga\/wp-json\/wp\/v2\/product_tag?post=11775"}],"curies":[{"name":"wp","href":"https:\/\/api.w.org\/{rel}","templated":true}]}}